{"id":93,"date":"2016-10-16T18:27:26","date_gmt":"2016-10-16T23:27:26","guid":{"rendered":"http:\/\/trejosmusica.com\/philipnunn.com\/?page_id=93"},"modified":"2017-08-25T10:45:13","modified_gmt":"2017-08-25T15:45:13","slug":"help-download-cut-paste","status":"publish","type":"page","link":"https:\/\/philipnunn.com\/fr\/help-download-cut-paste\/","title":{"rendered":"Aide pour t\u00e9l\u00e9charger, copier, coller"},"content":{"rendered":"<strong>Pour t\u00e9l\u00e9charger<\/strong><\/p>\n<p>L\u2019ensemble de la litt\u00e9rature disponible sur ce site l\u2019est au format <strong>Adobe Reader<\/strong>. Vous aurez donc besoin d\u2019Adobe Reader. Si vous n\u2019avez pas ce programme sur votre ordinateur, vous pouvez t\u00e9l\u00e9charger gratuitement une copie de ce logiciel tr\u00e8s utile \u00e0 partir du site suivant : <a href=\"http:\/\/www.adobe.com\">www.adobe.com<\/a><\/p>\n<p>Une fois que vous avez un article \u00e0 l\u2019\u00e9cran, vous pouvez le transf\u00e9rer en totalit\u00e9 ou partie vers votre logiciel de traitement de texte habituel. Le format Adobe utilis\u00e9 vous permet d\u2019extraire tout ce dont vous avez besoin sans modifier le document original. Une fois que vous l\u2019avez coll\u00e9 dans votre traitement de texte, vous \u00eates libre de le modifier comme vous le souhaitez.<\/p>\n<p><strong>Pour copier<\/strong><\/p>\n<p>Vous avez maintenant \u00e0 l\u2019\u00e9cran un article en <strong>Adobe Reader<\/strong>. Pour s\u00e9lectionner la totalit\u00e9 de l\u2019article ou du livre, faites \u00ab CTRL A \u00bb sur PC (ou \u00ab Pomme A \u00bb sur Mac). Pour s\u00e9lectionner une partie seulement de l\u2019article, positionnez le curseur au d\u00e9but du passage qui vous int\u00e9resse, puis descendez jusqu\u2019\u00e0 la fin en gardant l\u2019index droit enfonc\u00e9 sur la souris. Remarquez que le curseur s\u2019est transform\u00e9 en une petite barre verticale.<\/p>\n<p>Maintenant que le texte qui vous int\u00e9resse est surlign\u00e9, cliquez sur \u00c9dition, puis sur Copier (ou faites directement \u00ab CTRL C \u00bb sur PC).<\/p>\n<p><strong>Pour coller<\/strong><\/p>\n<p>Vous pouvez fermer <strong>Adobe Reader<\/strong>, et vous ouvrez maintenant votre logiciel de traitement de texte habituel (Word, Lotus, OpenOffice, etc). Placez le curseur \u00e0 l\u2019endroit du document o\u00f9 vous souhaitez transf\u00e9rer l\u2019article qui vous int\u00e9resse. Puis vous cliquez sur Edition, et ensuite sur Coller (ou bien vous faites directement \u00ab CTRL V \u00bb sur PC). Le passage copi\u00e9 doit maintenant appara\u00eetre sur votre \u00e9cran dans votre document.","protected":false},"excerpt":{"rendered":"<p>Pour t\u00e9l\u00e9charger L\u2019ensemble de la litt\u00e9rature disponible sur ce site l\u2019est au format Adobe Reader. Vous aurez donc besoin d\u2019Adobe Reader. Si vous n\u2019avez pas ce programme sur votre ordinateur, vous pouvez t\u00e9l\u00e9charger gratuitement une copie de ce logiciel tr\u00e8s utile \u00e0 partir du site suivant : www.adobe.com Une fois que vous avez un article \u00e0 l\u2019\u00e9cran, vous pouvez le transf\u00e9rer en totalit\u00e9 ou partie vers votre logiciel de traitement de texte habituel. Le format Adobe utilis\u00e9 vous permet d\u2019extraire tout ce dont vous avez besoin sans modifier le document original. Une fois que vous l\u2019avez coll\u00e9 dans votre traitement [&hellip;]<\/p>\n","protected":false},"author":1,"featured_media":0,"parent":0,"menu_order":0,"comment_status":"closed","ping_status":"closed","template":"","meta":{"_acf_changed":false,"footnotes":""},"class_list":["post-93","page","type-page","status-publish","hentry"],"acf":[],"_links":{"self":[{"href":"https:\/\/philipnunn.com\/fr\/wp-json\/wp\/v2\/pages\/93"}],"collection":[{"href":"https:\/\/philipnunn.com\/fr\/wp-json\/wp\/v2\/pages"}],"about":[{"href":"https:\/\/philipnunn.com\/fr\/wp-json\/wp\/v2\/types\/page"}],"author":[{"embeddable":true,"href":"https:\/\/philipnunn.com\/fr\/wp-json\/wp\/v2\/users\/1"}],"replies":[{"embeddable":true,"href":"https:\/\/philipnunn.com\/fr\/wp-json\/wp\/v2\/comments?post=93"}],"version-history":[{"count":3,"href":"https:\/\/philipnunn.com\/fr\/wp-json\/wp\/v2\/pages\/93\/revisions"}],"predecessor-version":[{"id":19262,"href":"https:\/\/philipnunn.com\/fr\/wp-json\/wp\/v2\/pages\/93\/revisions\/19262"}],"wp:attachment":[{"href":"https:\/\/philipnunn.com\/fr\/wp-json\/wp\/v2\/media?parent=93"}],"curies":[{"name":"wp","href":"https:\/\/api.w.org\/{rel}","templated":true}]}}