{"id":91,"date":"2016-10-16T18:26:56","date_gmt":"2016-10-16T23:26:56","guid":{"rendered":"http:\/\/trejosmusica.com\/philipnunn.com\/?page_id=91"},"modified":"2017-08-25T10:47:59","modified_gmt":"2017-08-25T15:47:59","slug":"links","status":"publish","type":"page","link":"https:\/\/philipnunn.com\/fr\/links\/","title":{"rendered":"Liens"},"content":{"rendered":"Vous trouverez ci-dessous les adresses de sites web, de magazines et de maisons d\u2019\u00e9ditions dont je sais qu\u2019ils ont soit utilis\u00e9 des articles de mon site, ou mis un lien vers lui. Quelques uns d\u2019entre eux sont int\u00e9ress\u00e9s par l\u2019historique, mais la plupart a choisi de quoi encourager et fortifier leurs lecteurs chr\u00e9tiens.<\/p>\n<p>Le fait qu\u2019un site web, un magazine ou une maison d\u2019\u00e9ditions utilise quelque chose de ce site (ou fournit un lien vers lui) implique que ses responsables sont forc\u00e9ment d\u2019accord avec tout ce qui se trouve ici. \u00c0 l\u2019inverse, ce genre de coop\u00e9ration ne signifie pas obligatoirement que j\u2019approuve tout ce qu\u2019eux produisent. En tant que vecteurs de communication chr\u00e9tiens, nous cherchons des terrains  d\u2019entente pour encourager et fortifier le peuple de Dieu. Mais chacun de nous est responsable de ce qu\u2019il produit.<\/p>\n<p>Au cours de nos lectures, nous retenons ce qui est sain, nous partageons ce qui est bon, et nous mettons de c\u00f4t\u00e9 le reste.<\/p>\n<p><strong>Allemagne<\/strong><\/p>\n<ul>\n<li>ZEIT &amp; SCHRIFT Magazine : <a href=\"http:\/\/www.zs-online.de\" target=\"_blank\">www.zs-online.de<\/a><\/li>\n<li>KOMM UND SIEH Magazine : <a href=\"http:\/\/www.daniel-verlag.de\" target=\"_blank\">www.daniel-verlag.de<\/a><\/li>\n<li>Biblioth\u00e8que en ligne des Fr\u00e8res : <a href=\"http:\/\/www.bruederbewegung.de\" target=\"_blank\">www.bruederbewegung.de<\/a><\/li>\n<li>Messages dans diff\u00e9rentes langues : <a href=\"http:\/\/www.sermon-online.de\" target=\"_blank\">www.sermon-online.de<\/a><\/li>\n<li>Articles et livres d\u2019\u00e9tudes bibliques : <a href=\"http:\/\/www.soundwords.de\" target=\"_blank\">www.soundwords.de<\/a><\/li>\n<li>Ressources chr\u00e9tiennes : <a href=\"http:\/\/www.leben-und-glauben.de\" target=\"_blank\">www.leben-und-glauben.de<\/a><\/li>\n<li>Christeliche Verlagsgesellschaft mbH: <a href=\"http:\/\/cv-dillenburg.de\/\">http:\/\/cv-dillenburg.de\/<\/a><\/li>\n<\/ul>\n<p><strong>Pays-Bas<\/strong><\/p>\n<ul>\n<li>FOCUS Bible study magazine: <a href=\"http:\/\/www.focusopdebijbel.org\" target=\"_blank\">www.focusopdebijbel.org<\/a><\/li>\n<li>Site d\u2019\u00e9tude biblique : <a href=\"http:\/\/www.openbijbel.nl\" target=\"_blank\">www.openbijbel.nl<\/a><\/li>\n<li>Site d\u2019\u00e9tude biblique : <a href=\"http:\/\/www.oudesporen.nl\/\" target=\"_blank\">http:\/\/www.oudesporen.nl\/<\/a><\/li>\n<li>Heart Cry publications: <a href=\"http:\/\/www.heartcry.nl\/\" target=\"_blank\">http:\/\/www.heartcry.nl\/<\/a><\/li>\n<li>Site priv\u00e9 d\u2019information : <a href=\"http:\/\/www.vergadering.nu\" target=\"_blank\">www.vergadering.nu<\/a><\/li>\n<li>Site priv\u00e9 d\u2019information : <a href=\"http:\/\/www.vergaderingvamgelovigen.info\">www.vergaderingvamgelovigen.info<\/a><\/li>\n<li>Sichting Adullam: Africa-India: <a href=\"http:\/\/www.vvgbarneveld.nl\/wp\/?p=326\">http:\/\/www.vvgbarneveld.nl\/wp\/?p=326<\/a><\/li>\n<li>Home church: <a href=\"http:\/\/www.debroneindhoven.nl\/\">http:\/\/www.debroneindhoven.nl\/<\/a><\/li>\n<\/ul>\n<p><strong>France<\/strong><\/p>\n<ul>\n<li>Site des assembl\u00e9es en France \u2013 informations : <a href=\"http:\/\/fileo.info\/\" target=\"_blank\">http:\/\/fileo.info\/<\/a><\/li>\n<li>Voix dans le D\u00e9sert \u2013 p\u00e9riodique : 19, avenue Mazet \u2013 46500 Gramat, France<\/li>\n<li>Magazine Promesses : <a href=\"www.promesses.org\" target=\"_blank\">www.promesses.org<\/a><\/li>\n<li>Info Sectes &#8211; site sur les diff\u00e9rentes sectes (T\u00e9moins de J\u00e9hovah, Mormons, Moon, etc) : <a href=\"https:\/\/www.info-sectes.org\" target=\"_blank\">https:\/\/www.info-sectes.org<\/a><\/li>\n<li>La Bonne Semence &#8211; Bibles et Publications chr\u00e9tiennes : <a href=\"https:\/\/labonnesemence.com\/\" target=\"_blank\">https:\/\/labonnesemence.com\/<\/a><\/li>\n<li>CLC France: <a href=\"http:\/\/www.clcfrance.com\/\">http:\/\/www.clcfrance.com\/<\/a><\/li>\n<li>La Ligue pour la Lecture de la Bible : <a href=\"https:\/\/laligue.net\" target=\"_blank\">https:\/\/laligue.net<\/a><\/li>\n<li>La Maison de la Bible : <a href=\"https:\/\/maisonbible.fr\/\" target=\"_blank\">https:\/\/maisonbible.fr\/<\/a><\/li>\n<\/ul>\n<p><strong>Togo<\/strong><\/p>\n<ul>\n<li>L\u2019Association Or Vert<\/li>\n<\/ul>\n<p><strong>Switzerland<\/strong><\/p>\n<ul>\n<li>Magazine Promesses : <a href=\"http:\/\/www.promesses.org\" target=\"_blank\">www.promesses.org<\/a><\/li>\n<li>Magazine  \u00c9changes : <a href=\"http:\/\/www.croire.org\" target=\"_blank\">www.croire.org<\/a><\/li>\n<li>Centres Bibliques: <a href=\"http:\/\/www.centrebiblique.org\/\">http:\/\/www.centrebiblique.org\/<\/a><\/li>\n<li>\u00c9ditions Bibles et Litt\u00e9rature chr\u00e9tienne : <a href=\"www.eblc.ch\">www.eblc.ch<\/a><\/li>\n<\/ul>\n<p><strong>Italy<\/strong><\/p>\n<ul>\n<li>CLC Italy: <a href=\"https:\/\/clcitaly.com\/\">https:\/\/clcitaly.com\/<\/a><\/li>\n<\/ul>\n<p><strong>\u00c9tats-Unis<\/strong><\/p>\n<ul>\n<li>Magazine  Grace &amp; Truth (Gr\u00e2ce et V\u00e9rit\u00e9) : <a href=\"http:\/\/www.gtpress.org\" target=\"_blank\">www.gtpress.org<\/a><\/li>\n<li>ECS Ministries \u2013 Cours bibliques par correspondance Emma\u00fcs : <a href=\"http:\/\/www.ecsministries.org\" target=\"_blank\">www.ecsministries.org<\/a><\/li>\n<li>Overcomer Press Inc. : PO Box 248, Owosso, Michigan 48867, USA<\/li>\n<li>Litt\u00e9rature chr\u00e9tienne : <a href=\"http:\/\/www.bible-equip.com\" target=\"_blank\">www.bible-equip.com<\/a><\/li>\n<\/ul>\n<p><strong>Canada<\/strong><\/p>\n<ul>\n<li>Global Opportunities &#8211; a resource site to encourage Tentmakers: <a href=\"http:\/\/www.globalopps.org\" target=\"_blank\">www.globalopps.org<\/a><\/li>\n<\/ul>\n<p><strong>Royaume Uni<\/strong><\/p>\n<ul>\n<li>Magazine Scripture Truth : <a href=\"http:\/\/www.scripturetruth.co.uk\" target=\"_blank\">www.scripturetruth.co.uk<\/a><\/li>\n<li>JRUL Special Collection \u2013 Biblioth\u00e8que de l\u2019Universit\u00e9 de Manchester (sans doute la plus grande archive au monde sur \u00ab les Fr\u00e8res \u00bb) : <a href=\"http:\/\/www.rylibweb.man.ac.uk\/data2\/spcoll\/cba\/links.html\" target=\"_blank\">www.rylibweb.man.ac.uk\/data2\/spcoll\/cba\/links.html<\/a><\/li>\n<\/ul>\n<p><strong>Colombie<\/strong><\/p>\n<ul>\n<li>\u00c9ditions Manantial (la Source) \u2013 Calle 19 n\u00b0 20-48, Armenia, Colombie, Am\u00e9rique du Sud<\/li>\n<li>Impresiones KAIROS. Av. Calle 68 # 65-10, Bogot\u00e1 DC. Cundinamarca.<\/li>\n<\/ul>\n<p><strong>Per\u00fa<\/strong><\/p>\n<ul>\n<li>Publicaciones Iglesia Cristiana, Puerto Libre, Lima<\/li>\n<\/ul>\n<p><strong>Inde<\/strong><\/p>\n<ul>\n<li>HARVEST TIMES FOR YOUR FAMILY Magazine. Published by Gospel Literature Service, Udyog Bhavan, 250 D, Worli Colony, Mumbai 400 030, India. <a href=\"http:\/\/www.glsindia.com\" target=\"_blank\">www.glsindia.com<\/a><\/li>\n<li>Magazine Bible Teaching for Confident Living  (Enseignement biblique pour une vie confiante). Un service de Back to the Bible Dharani Printers, 6-2-985 Yousuf Building, Hyderabad 500 004 Inde<\/li>\n<\/ul>\n<p><strong>Norv\u00e8ge<\/strong><\/p>\n<ul>\n<li>Magazine Lys p\u00e5 vegen (Lumi\u00e8re sur le chemin) : Postboks 110, n\u00b0 4296 \u00c5krehamn, Norv\u00e8ge. Tel : +47 528 28 430 \u2013 email : post@lys.cx. Site web : <a href=\"http:\/\/www.lys.cx\" target=\"_blank\">www.lys.cx<\/a><\/li>\n<\/ul>\n<p><strong>Sweden<\/strong><\/p>\n<ul>\n<li>Timoteus F\u00f6rlag AD. Halnatorps Egendom 3, 545 93 T\u00f6reboda. <a href=\"http:\/\/timoteus-forlag.se\/\">http:\/\/timoteus-forlag.se\/<\/a><\/li>\n<\/ul>","protected":false},"excerpt":{"rendered":"<p>Vous trouverez ci-dessous les adresses de sites web, de magazines et de maisons d\u2019\u00e9ditions dont je sais qu\u2019ils ont soit utilis\u00e9 des articles de mon site, ou mis un lien vers lui. Quelques uns d\u2019entre eux sont int\u00e9ress\u00e9s par l\u2019historique, mais la plupart a choisi de quoi encourager et fortifier leurs lecteurs chr\u00e9tiens. Le fait qu\u2019un site web, un magazine ou une maison d\u2019\u00e9ditions utilise quelque chose de ce site (ou fournit un lien vers lui) implique que ses responsables sont forc\u00e9ment d\u2019accord avec tout ce qui se trouve ici. \u00c0 l\u2019inverse, ce genre de coop\u00e9ration ne signifie pas obligatoirement [&hellip;]<\/p>\n","protected":false},"author":1,"featured_media":0,"parent":0,"menu_order":0,"comment_status":"closed","ping_status":"closed","template":"","meta":{"_acf_changed":false,"footnotes":""},"class_list":["post-91","page","type-page","status-publish","hentry"],"acf":[],"_links":{"self":[{"href":"https:\/\/philipnunn.com\/fr\/wp-json\/wp\/v2\/pages\/91"}],"collection":[{"href":"https:\/\/philipnunn.com\/fr\/wp-json\/wp\/v2\/pages"}],"about":[{"href":"https:\/\/philipnunn.com\/fr\/wp-json\/wp\/v2\/types\/page"}],"author":[{"embeddable":true,"href":"https:\/\/philipnunn.com\/fr\/wp-json\/wp\/v2\/users\/1"}],"replies":[{"embeddable":true,"href":"https:\/\/philipnunn.com\/fr\/wp-json\/wp\/v2\/comments?post=91"}],"version-history":[{"count":4,"href":"https:\/\/philipnunn.com\/fr\/wp-json\/wp\/v2\/pages\/91\/revisions"}],"predecessor-version":[{"id":19263,"href":"https:\/\/philipnunn.com\/fr\/wp-json\/wp\/v2\/pages\/91\/revisions\/19263"}],"wp:attachment":[{"href":"https:\/\/philipnunn.com\/fr\/wp-json\/wp\/v2\/media?parent=91"}],"curies":[{"name":"wp","href":"https:\/\/api.w.org\/{rel}","templated":true}]}}