{"id":87,"date":"2016-10-16T18:26:10","date_gmt":"2016-10-16T23:26:10","guid":{"rendered":"http:\/\/trejosmusica.com\/philipnunn.com\/?page_id=87"},"modified":"2017-08-25T10:53:57","modified_gmt":"2017-08-25T15:53:57","slug":"publishing-policy","status":"publish","type":"page","link":"https:\/\/philipnunn.com\/fr\/publishing-policy\/","title":{"rendered":"Politique de publication"},"content":{"rendered":"Le format convivial des articles et livres vous permet de copier et coller et de changer la disposition pour s\u2019adapter \u00e0 vos besoins. \u00c9tant donn\u00e9 que notre objectif est d\u2019encourager et de fortifier autant de chr\u00e9tiens que possible, tout ce qui se trouve sur ce site peut \u00eatre librement reproduit.<\/p>\n<p>Les administrateurs de sites web, les \u00e9diteurs de magazines et les maisons d\u2019\u00e9ditions peuvent librement utiliser ces articles et livres, en totalit\u00e9 ou partiellement, en mentionnant le nom de leur auteur.<\/p>\n<p>Pour encourager les lecteurs \u00e0 profiter des autres articles \u00e0 disposition, nous leur serions reconnaissant de bien vouloir \u00e9galement faire mention de ce site en indiquant par exemple :<\/p>\n<p style=\"text-align: center;\"><strong>Source: www.philipnunn.com<\/strong><\/p>\n<p>Si, pour une raison ou pour une autre, cela ne convient pas \u00e0 votre publication, sentez-vous libre d\u2019utiliser ces livres ou articles sans mentionner le site : vous avez mon autorisation pour cela !<\/p>\n<p>Si un magazine commande une traduction, il peut choisir d\u2019en garder l\u2019exclusivit\u00e9 pendant 90 jours apr\u00e8s sa publication. La traduction doit ensuite \u00eatre mise gratuitement \u00e0 disposition sur ce site. <\/p>\n<p>Si vous utilisez un ou plusieurs de ces articles dans votre magazine ou site web, nous aimerions que vous nous contactiez. Ce n\u2019est pas obligatoire, mais c\u2019est un encouragement pour continuer \u00e0 \u00e9crire. Nous serions heureux d\u2019envisager l\u2019ajout des r\u00e9f\u00e9rences de votre site, magazine, maison d\u2019\u00e9ditions ou station de radio locale dans nos liens.<\/p>\n<p><strong>Observation:<\/strong> le fait que vous utilisez quelque chose paru sur ce site implique que vous approuvez tout ce qui y est exprim\u00e9. \u00c0 l\u2019inverse, le fait qu\u2019un magazine, site web ou maison d\u2019\u00e9ditions choisit d\u2019utiliser quelque chose paru sur mon site ne signifie pas que j\u2019approuve tout ce qui est produit par cet organisme. En tant que vecteurs de communication chr\u00e9tiens, nous cherchons des terrains  d\u2019entente pour encourager et fortifier le peuple de Dieu. Mais chacun de nous est responsable de ce qu\u2019il produit.<\/p>\n<p>Que le Seigneur nous utilise pour \u00eatre des canaux de b\u00e9n\u00e9diction \u00e0 autant de personnes que possible, en r\u00e9pandant la bonne semence de la Parole de Dieu aussi largement que possible.<\/p>\n<p style=\"text-align: center;\"><em>\u00ab Ainsi, ni celui qui plante ne compte, ni celui qui arrose,<\/em><br \/>\n<em> mais celui qui donne l\u2019accroissement: Dieu.<\/em><br \/>\n<em> Or celui qui plante et celui qui arrose ne font qu\u2019un ;<\/em><br \/>\n<em> mais chacun recevra sa propre r\u00e9compense selon son propre travail. \u00bb<\/em><br \/>\n<strong>1 Corinthiens 3:7-8 JND<\/strong><\/p>","protected":false},"excerpt":{"rendered":"<p>Le format convivial des articles et livres vous permet de copier et coller et de changer la disposition pour s\u2019adapter \u00e0 vos besoins. \u00c9tant donn\u00e9 que notre objectif est d\u2019encourager et de fortifier autant de chr\u00e9tiens que possible, tout ce qui se trouve sur ce site peut \u00eatre librement reproduit. Les administrateurs de sites web, les \u00e9diteurs de magazines et les maisons d\u2019\u00e9ditions peuvent librement utiliser ces articles et livres, en totalit\u00e9 ou partiellement, en mentionnant le nom de leur auteur. Pour encourager les lecteurs \u00e0 profiter des autres articles \u00e0 disposition, nous leur serions reconnaissant de bien vouloir \u00e9galement [&hellip;]<\/p>\n","protected":false},"author":1,"featured_media":0,"parent":0,"menu_order":0,"comment_status":"closed","ping_status":"closed","template":"","meta":{"_acf_changed":false,"footnotes":""},"class_list":["post-87","page","type-page","status-publish","hentry"],"acf":[],"_links":{"self":[{"href":"https:\/\/philipnunn.com\/fr\/wp-json\/wp\/v2\/pages\/87"}],"collection":[{"href":"https:\/\/philipnunn.com\/fr\/wp-json\/wp\/v2\/pages"}],"about":[{"href":"https:\/\/philipnunn.com\/fr\/wp-json\/wp\/v2\/types\/page"}],"author":[{"embeddable":true,"href":"https:\/\/philipnunn.com\/fr\/wp-json\/wp\/v2\/users\/1"}],"replies":[{"embeddable":true,"href":"https:\/\/philipnunn.com\/fr\/wp-json\/wp\/v2\/comments?post=87"}],"version-history":[{"count":4,"href":"https:\/\/philipnunn.com\/fr\/wp-json\/wp\/v2\/pages\/87\/revisions"}],"predecessor-version":[{"id":19265,"href":"https:\/\/philipnunn.com\/fr\/wp-json\/wp\/v2\/pages\/87\/revisions\/19265"}],"wp:attachment":[{"href":"https:\/\/philipnunn.com\/fr\/wp-json\/wp\/v2\/media?parent=87"}],"curies":[{"name":"wp","href":"https:\/\/api.w.org\/{rel}","templated":true}]}}