{"id":85,"date":"2016-10-16T18:25:50","date_gmt":"2016-10-16T23:25:50","guid":{"rendered":"http:\/\/trejosmusica.com\/philipnunn.com\/?page_id=85"},"modified":"2017-08-25T10:34:58","modified_gmt":"2017-08-25T15:34:58","slug":"can-you-translate","status":"publish","type":"page","link":"https:\/\/philipnunn.com\/fr\/can-you-translate\/","title":{"rendered":"Pouvez-vous traduire ?"},"content":{"rendered":"\u00c9crire demande du temps et des efforts. Mais une fois qu\u2019un article est \u00e9crit, le Seigneur peut l\u2019utiliser pour encourager et remettre en question de nombreux croyants \u2013partout dans le monde, aujourd\u2019hui et demain.<\/p>\n<p>Traduire aussi est un travail difficile. Mais une fois qu\u2019un article est bien traduit, il est l\u00e0 ! le Seigneur peut alors l\u2019utiliser pour encourager et remettre en question des croyants dans d\u2019autres parties du monde. Si vous \u00eates un chr\u00e9tien bilingue et avez profit\u00e9 de quelque chose que vous avez trouv\u00e9 sur ce site, puis-je vous encourager \u00e0 envisager la possibilit\u00e9 de devenir traducteur \u2013un collaborateur dans ce projet ?<\/p>\n<p>Vous pouvez \u00eatre un fr\u00e8re ou une s\u0153ur, jeune ou vieux. Bienvenue ! Vous pouvez souhaiter ne traduire qu\u2019un article particulier : c\u2019est tr\u00e8s bien ! Vous pouvez souhaiter traduire \u00e0 plusieurs avec deux ou trois amis. Merveilleux ! Vous pouvez utiliser n\u2019importe laquelle des langues disponibles. Si vous sentez que le Seigneur vous appelle \u00e0 collaborer, contactez-nous. Nous pr\u00e9f\u00e9rerions que vous traduisiez dans votre langue maternelle, parce que l\u2019on traduit habituellement mieux dans sa propre langue.<\/p>\n<p>Nous aimerions actuellement avoir des traducteurs :<br \/>\nde l\u2019ANGLAIS vers le HOLLANDAIS<\/p>\n<p>de l\u2019ANGLAIS ou le FRAN\u00c7AIS vers l\u2019ITALIEN et l\u2019ESPAGNOL<\/p>\n<p>\u2026 Et \u00e9galement vers le NORV\u00c9GIEN, le PORTUGAIS, le GREC, le CHINOIS \u2026<\/p>\n<p>Avant de commencer \u00e0 traduire, <a href=\"http:\/\/philipnunn.com\/contact-the-author\/\">contactez-nous<\/a>. Peut-\u00eatre que quelqu\u2019un d\u2019autre a d\u00e9j\u00e0 commenc\u00e9 cet article-l\u00e0 !","protected":false},"excerpt":{"rendered":"<p>\u00c9crire demande du temps et des efforts. Mais une fois qu\u2019un article est \u00e9crit, le Seigneur peut l\u2019utiliser pour encourager et remettre en question de nombreux croyants \u2013partout dans le monde, aujourd\u2019hui et demain. Traduire aussi est un travail difficile. Mais une fois qu\u2019un article est bien traduit, il est l\u00e0 ! le Seigneur peut alors l\u2019utiliser pour encourager et remettre en question des croyants dans d\u2019autres parties du monde. Si vous \u00eates un chr\u00e9tien bilingue et avez profit\u00e9 de quelque chose que vous avez trouv\u00e9 sur ce site, puis-je vous encourager \u00e0 envisager la possibilit\u00e9 de devenir traducteur \u2013un [&hellip;]<\/p>\n","protected":false},"author":1,"featured_media":335,"parent":0,"menu_order":0,"comment_status":"closed","ping_status":"closed","template":"","meta":{"_acf_changed":false,"footnotes":""},"class_list":["post-85","page","type-page","status-publish","has-post-thumbnail","hentry"],"acf":[],"_links":{"self":[{"href":"https:\/\/philipnunn.com\/fr\/wp-json\/wp\/v2\/pages\/85"}],"collection":[{"href":"https:\/\/philipnunn.com\/fr\/wp-json\/wp\/v2\/pages"}],"about":[{"href":"https:\/\/philipnunn.com\/fr\/wp-json\/wp\/v2\/types\/page"}],"author":[{"embeddable":true,"href":"https:\/\/philipnunn.com\/fr\/wp-json\/wp\/v2\/users\/1"}],"replies":[{"embeddable":true,"href":"https:\/\/philipnunn.com\/fr\/wp-json\/wp\/v2\/comments?post=85"}],"version-history":[{"count":3,"href":"https:\/\/philipnunn.com\/fr\/wp-json\/wp\/v2\/pages\/85\/revisions"}],"predecessor-version":[{"id":19258,"href":"https:\/\/philipnunn.com\/fr\/wp-json\/wp\/v2\/pages\/85\/revisions\/19258"}],"wp:featuredmedia":[{"embeddable":true,"href":"https:\/\/philipnunn.com\/fr\/wp-json\/wp\/v2\/media\/335"}],"wp:attachment":[{"href":"https:\/\/philipnunn.com\/fr\/wp-json\/wp\/v2\/media?parent=85"}],"curies":[{"name":"wp","href":"https:\/\/api.w.org\/{rel}","templated":true}]}}