{"id":83,"date":"2016-10-16T17:56:28","date_gmt":"2016-10-16T22:56:28","guid":{"rendered":"http:\/\/trejosmusica.com\/philipnunn.com\/?page_id=83"},"modified":"2017-08-25T10:49:45","modified_gmt":"2017-08-25T15:49:45","slug":"mission-vision","status":"publish","type":"page","link":"https:\/\/philipnunn.com\/fr\/mission-vision\/","title":{"rendered":"Mission et vision"},"content":{"rendered":"<strong>Mission<\/strong><\/p>\n<p>Le r\u00eave \u00e0 l\u2019origine de la cr\u00e9ation de ce site est d\u2019offrir, de mani\u00e8re gratuite, flexible et ais\u00e9ment accessible, un enseignement fond\u00e9 sur la Bible, qui puisse mettre au d\u00e9fi et remettre en question autant de chr\u00e9tiens que possible. <\/p>\n<p><strong>Vision:<\/strong><\/p>\n<p>Au fur et \u00e0 mesure de la r\u00e9daction de nouveaux articles et livres, et de leur traduction par nos collaborateurs chr\u00e9tiens bilingues, nous esp\u00e9rons que ce site atteindra et sera en b\u00e9n\u00e9diction \u00e0 un nombre croissant de fr\u00e8res et s\u0153urs tout autour du globe.","protected":false},"excerpt":{"rendered":"<p>Mission Le r\u00eave \u00e0 l\u2019origine de la cr\u00e9ation de ce site est d\u2019offrir, de mani\u00e8re gratuite, flexible et ais\u00e9ment accessible, un enseignement fond\u00e9 sur la Bible, qui puisse mettre au d\u00e9fi et remettre en question autant de chr\u00e9tiens que possible. Vision: Au fur et \u00e0 mesure de la r\u00e9daction de nouveaux articles et livres, et de leur traduction par nos collaborateurs chr\u00e9tiens bilingues, nous esp\u00e9rons que ce site atteindra et sera en b\u00e9n\u00e9diction \u00e0 un nombre croissant de fr\u00e8res et s\u0153urs tout autour du globe.<\/p>\n","protected":false},"author":1,"featured_media":0,"parent":0,"menu_order":0,"comment_status":"closed","ping_status":"closed","template":"","meta":{"_acf_changed":false,"footnotes":""},"class_list":["post-83","page","type-page","status-publish","hentry"],"acf":[],"_links":{"self":[{"href":"https:\/\/philipnunn.com\/fr\/wp-json\/wp\/v2\/pages\/83"}],"collection":[{"href":"https:\/\/philipnunn.com\/fr\/wp-json\/wp\/v2\/pages"}],"about":[{"href":"https:\/\/philipnunn.com\/fr\/wp-json\/wp\/v2\/types\/page"}],"author":[{"embeddable":true,"href":"https:\/\/philipnunn.com\/fr\/wp-json\/wp\/v2\/users\/1"}],"replies":[{"embeddable":true,"href":"https:\/\/philipnunn.com\/fr\/wp-json\/wp\/v2\/comments?post=83"}],"version-history":[{"count":3,"href":"https:\/\/philipnunn.com\/fr\/wp-json\/wp\/v2\/pages\/83\/revisions"}],"predecessor-version":[{"id":19264,"href":"https:\/\/philipnunn.com\/fr\/wp-json\/wp\/v2\/pages\/83\/revisions\/19264"}],"wp:attachment":[{"href":"https:\/\/philipnunn.com\/fr\/wp-json\/wp\/v2\/media?parent=83"}],"curies":[{"name":"wp","href":"https:\/\/api.w.org\/{rel}","templated":true}]}}