{"id":28,"date":"2016-10-16T16:46:20","date_gmt":"2016-10-16T21:46:20","guid":{"rendered":"http:\/\/trejosmusica.com\/philipnunn.com\/?page_id=28"},"modified":"2017-08-25T10:40:10","modified_gmt":"2017-08-25T15:40:10","slug":"guestbook","status":"publish","type":"page","link":"https:\/\/philipnunn.com\/fr\/guestbook\/","title":{"rendered":"Livre d\u2019or"},"content":{"rendered":"Ce livre d\u2019or vous donne l\u2019opportunit\u00e9 de partager une pens\u00e9e avec d\u2019autres lecteurs du site. Quelque chose vous a frapp\u00e9 ? D\u00e9sirez-vous partager avec d\u2019autres ce qui vous a encourag\u00e9 ? Quelque chose manque-t-il ? Vos observations, vos suggestions,  vos commentaires et vos critiques seront affich\u00e9s in extenso pendant au moins un mois. Vous pouvez \u00e9crire dans votre langue.<\/p>\n<p><em>\u201cQu\u2019il ne sorte de votre clavier aucune parole mauvaise, mais, s\u2019il y a lieu, quelque bonne parole, qui serve \u00e0 l\u2019\u00e9dification et communique une gr\u00e2ce \u00e0 ceux qui la lisent.\u201d<br \/>\n<strong>\u00c9ph\u00e9siens 4:29 (adapt\u00e9)<\/strong><\/em>","protected":false},"excerpt":{"rendered":"<p>Ce livre d\u2019or vous donne l\u2019opportunit\u00e9 de partager une pens\u00e9e avec d\u2019autres lecteurs du site. Quelque chose vous a frapp\u00e9 ? D\u00e9sirez-vous partager avec d\u2019autres ce qui vous a encourag\u00e9 ? Quelque chose manque-t-il ? Vos observations, vos suggestions, vos commentaires et vos critiques seront affich\u00e9s in extenso pendant au moins un mois. Vous pouvez \u00e9crire dans votre langue. \u201cQu\u2019il ne sorte de votre clavier aucune parole mauvaise, mais, s\u2019il y a lieu, quelque bonne parole, qui serve \u00e0 l\u2019\u00e9dification et communique une gr\u00e2ce \u00e0 ceux qui la lisent.\u201d \u00c9ph\u00e9siens 4:29 (adapt\u00e9)<\/p>\n","protected":false},"author":1,"featured_media":0,"parent":0,"menu_order":0,"comment_status":"open","ping_status":"closed","template":"","meta":{"_acf_changed":false,"footnotes":""},"class_list":["post-28","page","type-page","status-publish","hentry"],"acf":[],"_links":{"self":[{"href":"https:\/\/philipnunn.com\/fr\/wp-json\/wp\/v2\/pages\/28"}],"collection":[{"href":"https:\/\/philipnunn.com\/fr\/wp-json\/wp\/v2\/pages"}],"about":[{"href":"https:\/\/philipnunn.com\/fr\/wp-json\/wp\/v2\/types\/page"}],"author":[{"embeddable":true,"href":"https:\/\/philipnunn.com\/fr\/wp-json\/wp\/v2\/users\/1"}],"replies":[{"embeddable":true,"href":"https:\/\/philipnunn.com\/fr\/wp-json\/wp\/v2\/comments?post=28"}],"version-history":[{"count":4,"href":"https:\/\/philipnunn.com\/fr\/wp-json\/wp\/v2\/pages\/28\/revisions"}],"predecessor-version":[{"id":19261,"href":"https:\/\/philipnunn.com\/fr\/wp-json\/wp\/v2\/pages\/28\/revisions\/19261"}],"wp:attachment":[{"href":"https:\/\/philipnunn.com\/fr\/wp-json\/wp\/v2\/media?parent=28"}],"curies":[{"name":"wp","href":"https:\/\/api.w.org\/{rel}","templated":true}]}}