{"id":116,"date":"2016-10-16T18:33:47","date_gmt":"2016-10-16T23:33:47","guid":{"rendered":"http:\/\/trejosmusica.com\/philipnunn.com\/?page_id=116"},"modified":"2017-08-25T17:47:36","modified_gmt":"2017-08-25T22:47:36","slug":"brief-doctrinal-statement","status":"publish","type":"page","link":"https:\/\/philipnunn.com\/fr\/brief-doctrinal-statement\/","title":{"rendered":"Une br\u00e8ve position doctrinale"},"content":{"rendered":"Au fur et \u00e0 mesure de notre \u00e9tude de la Parole de Dieu et des \u00e9tapes de notre vie et de notre minist\u00e8re, le Saint Esprit \u00e9claire de fa\u00e7on nouvelle certains passages de l\u2019\u00c9criture. La v\u00e9rit\u00e9 de Dieu est absolue. Mais notre compr\u00e9hension de Sa Parole demande de notre part un travail s\u00e9rieux et le d\u00e9sir sinc\u00e8re d\u2019\u00eatre conduit par l\u2019Esprit Saint. Nous devrions garder tout au long de notre vie une position d\u2019humilit\u00e9, reconnaissant notre compr\u00e9hension limit\u00e9e de la pens\u00e9e et des voies de Dieu. Tout ne rentre pas dans de jolies petites bo\u00eetes doctrinales ! Le Seigneur a choisi la difficult\u00e9 pour ceux d\u2019entre nous qui pr\u00e9f\u00e9reraient le confort d\u2019une th\u00e9ologie syst\u00e9matique et exhaustive, afin de nous obliger, jusqu\u2019au moment o\u00f9 nous atteindrons la maison du P\u00e8re, \u00e0 nous appuyer sur le Saint Esprit pour comprendre et mettre en pratique les \u00c9critures.<\/p>\n<p>Et pourtant, le fait que Dieu a choisi de r\u00e9v\u00e9ler sa pens\u00e9e sous forme \u00e9crite \u2013avec des verbes, des noms, des images et en utilisant les r\u00e8gles de grammaire habituelle- fait en sorte que cette r\u00e9v\u00e9lation ne devient pas quelque chose de subjectif.<\/p>\n<p>Au fur et \u00e0 mesure, certains enseignements ou doctrines bibliques nous deviennent plus clairs. Nous les comparons avec le reste des \u00c9critures. Nous en devenons convaincus. Nous agissons en fonction d\u2019eux. Nous nous reposons sur eux.<\/p>\n<p style=\"text-align: center;\">\u201cMais <em>toi<\/em>, demeure dans les choses que tu as apprises,<br \/>\net dont tu as \u00e9t\u00e9 pleinement convaincu\u2026<br \/>\ntu connais les Saintes Lettres,<br \/>\nqui peuvent te rendre sage \u00e0 salut<br \/>\npar la foi qui est dans le Christ J\u00e9sus.<br \/>\nToute \u00c9criture est inspir\u00e9e de Dieu, et utile\u2026<br \/>\nafin que l\u2019homme de Dieu soit accompli<br \/>\net parfaitement pr\u00e9par\u00e9 pour toute bonne \u0153uvre.\u201d<br \/>\n<strong>&#8211; 2 Timoth\u00e9e 3:14-17 JND<\/strong><\/p>\n<p>Vous trouverez ci-apr\u00e8s un bref expos\u00e9 de doctrine. Si vous d\u00e9sirez en avoir un plus approfondi, je vous renvoie \u00e0 votre bible. Je ne l\u2019ai plac\u00e9 ici que pour ceux qui se posent la question naturelle de savoir d\u2019o\u00f9 je viens, et si ce que je peux dire est correct. Nous d\u00e9sirons tous \u00e9viter les mauvaises surprises !<\/p>\n<p>Voici donc ce que je crois :<\/p>\n<h2>Dieu<\/h2>\n<p>Il n\u2019y a qu\u2019un seul Dieu, \u00e9ternel et tout puissant. La nature de Dieu nous est r\u00e9v\u00e9l\u00e9e dans la Bible : le P\u00e8re est Dieu ; le Fils (J\u00e9sus Christ) est Dieu et distinct du P\u00e8re ; le Saint Esprit est Dieu. Il est une personne, et est distinct du P\u00e8re et du Fils. Tout cela est en harmonie avec le fait que \u00ab le Seigneur notre Dieu, le Seigneur, est un \u00bb. Certaines r\u00e9alit\u00e9s spirituelles sont difficiles \u00e0 exprimer de mani\u00e8re appropri\u00e9e dans un langage d\u00e9velopp\u00e9 pour le monde mat\u00e9riel. Les descriptions de certaines de ces r\u00e9alit\u00e9s, comme la nature de Dieu, nous semblent contradictoires. Je ne pr\u00e9tends pas comprendre, mais j\u2019accepte librement par la foi la r\u00e9v\u00e9lation de Dieu qu\u2019Il nous a lui-m\u00eame faite. On se r\u00e9f\u00e8re habituellement \u00e0 ceci comme la nature trinitaire ou Trinit\u00e9 de la D\u00e9it\u00e9.<\/p>\n<hr\/>\n<h2>L&rsquo;Homme<\/h2>\n<p>L\u2019homme et la femme ont \u00e9t\u00e9 cr\u00e9\u00e9s par Dieu \u00e0 son image. Chaque \u00eatre humain a la m\u00eame valeur aux yeux de Dieu, qui l\u2019aime profond\u00e9ment. La vie est sacr\u00e9e. L\u2019homme a \u00e9t\u00e9 cr\u00e9\u00e9 parfait, sans p\u00e9ch\u00e9.<\/p>\n<hr\/>\n<h2>Le p\u00e9ch\u00e9<\/h2>\n<p>Le p\u00e9ch\u00e9 est tout ce qui n\u2019est pas en harmonie avec la volont\u00e9 de Dieu. C\u2019est ne pas vivre selon ce que Dieu attend de nous, en pens\u00e9e, en mots, en actions et en \u00eatre. Depuis que le p\u00e9ch\u00e9 est entr\u00e9 dans le monde, nous naissons avec la propension \u00e0 p\u00e9cher.  Tout en nous est souill\u00e9 par le p\u00e9ch\u00e9. Nous sommes condamn\u00e9s, \u00e0 moins que Dieu ne prenne l\u2019initiative.<\/p>\n<hr\/>\n<h2>J\u00e9sus-Christ<\/h2>\n<p>J\u00e9sus Christ est Dieu incarn\u00e9 homme \u2013vrai homme et vrai Dieu. Il doit \u00eatre ador\u00e9 comme Dieu. Il a \u00e9t\u00e9 con\u00e7u par le Saint Esprit dans le ventre de la vierge Marie. Il a v\u00e9cu une vie sans p\u00e9ch\u00e9, a \u00e9t\u00e9 crucifi\u00e9 et est vraiment pass\u00e9 par la mort \u2013portant en son corps sur la Croix la punition pour nos p\u00e9ch\u00e9s. Le P\u00e8re l\u2019a ressuscit\u00e9 le troisi\u00e8me jour, et il vit maintenant et interc\u00e8de pour nous.<\/p>\n<hr\/>\n<h2>Le salut<\/h2>\n<p>J\u00e9sus-Christ est le seul Sauveur. Il est mort sur la croix pour le monde entier. Ceux qui se repentent et lui confient leur vie (c&rsquo;est-\u00e0-dire, croient) re\u00e7oivent le b\u00e9n\u00e9fice de sa mort, le salut \u00e9ternel. Une fois qu\u2019un p\u00e9cheur a \u00e9t\u00e9 sauv\u00e9, il ne sera jamais plus condamn\u00e9. Nous ne pouvons rien faire pour gagner ou participer \u00e0 ce don du salut. C\u2019est un cadeau, gratuit. La foi qui sauve change la mani\u00e8re dont nous vivons : des fruits sont produits. J\u00e9sus a dit \u00ab Je suis le Chemin \u00bb et \u00ab nul ne vient au P\u00e8re si ce n\u2019est par moi \u00bb, et par cons\u00e9quent, ceux qui le rejettent sont perdus. Un ch\u00e2timent \u00e9ternel les attend.<\/p>\n<hr\/>\n<h2>Le Saint Esprit<\/h2>\n<p>Tout au long des \u00c9critures, le Saint Esprit fait preuve qu\u2019il est \u00e0 la fois divin et une personne. Il est la personne particuli\u00e8re de la Trinit\u00e9 par laquelle Dieu travaille en nous. Le Saint Esprit convainc le croyant de p\u00e9ch\u00e9, le r\u00e9g\u00e9n\u00e8re et le guide. Une personne re\u00e7oit le Saint Esprit quand elle nait de nouveau. \u00c0 partir de ce moment-l\u00e0, chaque croyant a la responsabilit\u00e9 d\u2019\u00eatre rempli du Saint Esprit et de se soumettre \u00e0 sa direction.<\/p>\n<hr\/>\n<h2>La Bible<\/h2>\n<p>La Bible toute enti\u00e8re (qui ne comprend pas les Apocryphes), est la Parole inspir\u00e9e de Dieu. C\u2019est le seul fondement de l\u2019autorit\u00e9 dans tous les sujets concernant la foi et la pratique chr\u00e9tiennes. Elle doit \u00eatre lue et \u00e9tudi\u00e9e en utilisant les r\u00e8gles usuelles de grammaire, en identifiant les images, en prenant en compte les contextes historiques, g\u00e9ographiques et culturels. Les rapports de Dieu avec la nation d\u2019Isra\u00ebl et ceux qu\u2019il entretient avec l\u2019\u00c9glise doivent \u00eatre diff\u00e9renci\u00e9s. La Parole de Dieu est vivante et agit. La direction du Saint Esprit est n\u00e9cessaire pour la comprendre et l\u2019appliquer correctement.<\/p>\n<hr\/>\n<h2>L\u2019\u00c9glise<\/h2>\n<p>Le Seigneur J\u00e9sus a \u00e9tabli une nouvelle entit\u00e9 : l\u2019\u00e9glise. Il a dit \u00ab je b\u00e2tirai mon \u00e9glise \u00bb. Cette \u00e9glise est faite de tous les vrais chr\u00e9tiens n\u00e9s de nouveau. Christ est l\u2019unique t\u00eate de ce corps universel de croyants. Les croyants doivent se rassembler et former des assembl\u00e9es ou \u00e9glises locales. Christ a d\u00e9l\u00e9gu\u00e9 une autorit\u00e9 limit\u00e9e aux conducteurs locaux afin de prendre soin de son troupeau local. Il est pr\u00e9sent l\u00e0 o\u00f9 deux ou trois chr\u00e9tiens sont rassembl\u00e9s en Son nom. Il est de la responsabilit\u00e9 de chaque assembl\u00e9e ou \u00e9glise locale de filtrer les personnes admises \u00e0 la communion, ce qui requiert un certain degr\u00e9 de maturit\u00e9 chr\u00e9tienne et une vraie d\u00e9pendance du Seigneur.<\/p>\n<hr\/>\n<h2>Le bapt\u00eame et la C\u00e8ne du Seigneur<\/h2>\n<p>Le bapt\u00eame d\u2019eau doit normalement suivre la conversion. La c\u00e9l\u00e9bration de la C\u00e8ne du Seigneur doit \u00eatre une pratique r\u00e9guli\u00e8re et collective.<\/p>\n<hr\/>\n<h2>L&rsquo;Avenir<\/h2>\n<p>Il y a beaucoup de choses \u00e0 ce sujet qui ne sont pas claires pour moi. Mais de certaines, je suis certain : apr\u00e8s la mort, il n\u2019y a que deux destinations possibles, avec Christ dans la gloire, et sans lui dans les tourments \u00e9ternels. J\u00e9sus a promis de nous pr\u00e9parer une place dans la maison de son P\u00e8re. Le Seigneur lui-m\u00eame descendra du ciel. Les morts en Christ ressusciteront en premier. Ensuite, ceux qui sont encore en vie seront enlev\u00e9s avec eux dans les nu\u00e9es pour rencontrer le Seigneur l\u00e0-haut. Et nous serons ainsi pour toujours avec le Seigneur. Pour cette terre, le Seigneur d\u00e9crit un temps futur de tribulations et un mill\u00e9nium de paix. Et selon sa promesse, il y aura de nouveaux cieux et une nouvelle terre, o\u00f9 la justice habitera. \u00ab C\u2019est pourquoi, bien-aim\u00e9s, en attendant ces choses, appliquez-vous \u00e0 \u00eatre trouv\u00e9s sans tache et irr\u00e9prochables devant lui, en paix. \u00bb","protected":false},"excerpt":{"rendered":"<p>Au fur et \u00e0 mesure de notre \u00e9tude de la Parole de Dieu et des \u00e9tapes de notre vie et de notre minist\u00e8re, le Saint Esprit \u00e9claire de fa\u00e7on nouvelle certains passages de l\u2019\u00c9criture. La v\u00e9rit\u00e9 de Dieu est absolue. Mais notre compr\u00e9hension de Sa Parole demande de notre part un travail s\u00e9rieux et le d\u00e9sir sinc\u00e8re d\u2019\u00eatre conduit par l\u2019Esprit Saint. Nous devrions garder tout au long de notre vie une position d\u2019humilit\u00e9, reconnaissant notre compr\u00e9hension limit\u00e9e de la pens\u00e9e et des voies de Dieu. Tout ne rentre pas dans de jolies petites bo\u00eetes doctrinales ! Le Seigneur a [&hellip;]<\/p>\n","protected":false},"author":1,"featured_media":0,"parent":0,"menu_order":0,"comment_status":"closed","ping_status":"closed","template":"","meta":{"_acf_changed":false,"footnotes":""},"class_list":["post-116","page","type-page","status-publish","hentry"],"acf":[],"_links":{"self":[{"href":"https:\/\/philipnunn.com\/fr\/wp-json\/wp\/v2\/pages\/116"}],"collection":[{"href":"https:\/\/philipnunn.com\/fr\/wp-json\/wp\/v2\/pages"}],"about":[{"href":"https:\/\/philipnunn.com\/fr\/wp-json\/wp\/v2\/types\/page"}],"author":[{"embeddable":true,"href":"https:\/\/philipnunn.com\/fr\/wp-json\/wp\/v2\/users\/1"}],"replies":[{"embeddable":true,"href":"https:\/\/philipnunn.com\/fr\/wp-json\/wp\/v2\/comments?post=116"}],"version-history":[{"count":4,"href":"https:\/\/philipnunn.com\/fr\/wp-json\/wp\/v2\/pages\/116\/revisions"}],"predecessor-version":[{"id":19411,"href":"https:\/\/philipnunn.com\/fr\/wp-json\/wp\/v2\/pages\/116\/revisions\/19411"}],"wp:attachment":[{"href":"https:\/\/philipnunn.com\/fr\/wp-json\/wp\/v2\/media?parent=116"}],"curies":[{"name":"wp","href":"https:\/\/api.w.org\/{rel}","templated":true}]}}