{"id":114,"date":"2016-10-16T18:33:34","date_gmt":"2016-10-16T23:33:34","guid":{"rendered":"http:\/\/trejosmusica.com\/philipnunn.com\/?page_id=114"},"modified":"2022-02-13T00:24:30","modified_gmt":"2022-02-13T05:24:30","slug":"about-the-author","status":"publish","type":"page","link":"https:\/\/philipnunn.com\/fr\/about-the-author\/","title":{"rendered":"A propos de l\u2019auteur"},"content":{"rendered":"<img decoding=\"async\" class=\"size-medium wp-image-915 alignleft\" src=\"http:\/\/philipnunn.com\/wp-content\/uploads\/2016\/10\/PhAnn2017-home.jpg\" alt=\"Philip and Anneke Nunn\" width=\"320\" \/>Philip (n\u00e9 en Angleterre) et Anneke (n\u00e9e en Hollande) se sont install\u00e9s en Colombie en 1992. Jusqu\u2019\u00e0 juin 2007, ils y ont travaill\u00e9 en tant que missionnaires chr\u00e9tiens \u00e0 plein temps. Ils ressentaient que leur appel consistait \u00e0 enseigner la Bible, former des disciples, et encourager la cr\u00e9ation de nouvelles assembl\u00e9es.<\/p>\n<p>Philip &amp; Anneke et leurs enfants font aujourd\u2019hui partie d\u2019une assembl\u00e9e chr\u00e9tienne \u00e0 Eindhoven, (voir <a href=\"http:\/\/www.debroneindhoven.nl\" target=\"_blank\" rel=\"noopener\">http:\/\/www.debroneindhoven.nl<\/a>). Leur exp\u00e9rience acquise aupr\u00e8s des assembl\u00e9es au Canada, en Angleterre et en Colombie, jointe aux outils acquis en travaillant avec les Navigators et les G\u00e9d\u00e9ons \u00e0 Londres ont aid\u00e9 \u00e0 former leur mani\u00e8re de travailler.<\/p>\n<p>La plus grande partie de l\u2019enseignement de Philip est r\u00e9alis\u00e9e en anglais et en espagnol, et depuis 2008, \u00e9galement traduit en hollandais. Ces pr\u00eaches ont lieu au cours de r\u00e9unions de lecture de la Bible, de s\u00e9minaires, de camps et de conf\u00e9rence, en Europe ainsi que directement sur certains champs de mission. Depuis 2010, plusieurs de ces messages <a href=\"https:\/\/philipnunn.com\/fr\/category\/audio\/\" target=\"_blank\" rel=\"noopener\">sont maintenant disponibles ici<\/a> au format MP3.<\/p>\n<p>Au fil des ann\u00e9es, certains des th\u00e8mes trait\u00e9s lors de s\u00e9minaires ou autres allocutions ont \u00e9t\u00e9 mis par \u00e9crit en espagnol ou en anglais. Un bon nombre de ces articles ont \u00e9t\u00e9 traduits et quelques uns ont \u00e9galement \u00e9t\u00e9 publi\u00e9s sur quelques sites web et autres magazines (<a href=\"https:\/\/philipnunn.com\/fr\/links\/\" target=\"_blank\" rel=\"noopener\">voir Liens<\/a>). Les encouragements re\u00e7us de divers lecteurs ont motiv\u00e9 la cr\u00e9ation d\u2019un site web sp\u00e9cifique, lequel a commenc\u00e9 de fonctionner en novembre 2006. Ce site a \u00e9t\u00e9 profond\u00e9ment remani\u00e9 en Janvier 2011. Il b\u00e9n\u00e9ficie depuis d\u2019outils de recherche, ainsi que de mat\u00e9riels audio vid\u00e9o, en esp\u00e9rant que cette nouvelle pr\u00e9sentation fera en sorte que leur modeste contribution \u00e0 l\u2019\u00e9dification du corps de Christ soit plus largement accessible.<\/p>\n<p><strong>Quelques dates importantes de la vie de Philip<\/strong><\/p>\n<ul>\n<li><strong>1962.<\/strong> Naissance en Angleterre, chez Peter et Annemarie Nunn<\/li>\n<li><strong>1967.<\/strong> D\u00e9part de la famille Nunn pour le Costa Rica, afin d\u2019apprendre l\u2019espagnol pendant un an, puis arriv\u00e9e en Colombie pour y travailler \u00e0 l\u2019\u0153uvre missionnaire<\/li>\n<li><strong>1972.<\/strong> Philip donne sa vie au Seigneur J\u00e9sus<\/li>\n<li><strong>1977.<\/strong> Bapt\u00eame<\/li>\n<li><strong>1979.<\/strong> Fin de la scolarit\u00e9 de Philip en Colombie. Il rentre \u00e0 Londres, en Angleterre, pour poursuivre ses \u00e9tudes<\/li>\n<li><strong>1984.<\/strong> Obtention d\u2019un Baccalaur\u00e9at scientifique en Math\u00e9matiques \u00e0 l\u2019Imperial College de Londres &#8211; <a href=\"http:\/\/www2.imperial.ac.uk\/mathematics\/\" target=\"_blank\" rel=\"noopener\">http:\/\/www2.imperial.ac.uk\/mathematics\/<\/a><\/li>\n<li><strong>1985. <\/strong>Obtention d\u2019une ma\u00eetrise en Statistiques \u2013 Philip commence \u00e0 travailler pour le gouvernement britannique dans les statistiques financi\u00e8res &#8211; <a href=\"http:\/\/www.statistics.gov.uk\/\" target=\"_blank\" rel=\"noopener\">http:\/\/www.statistics.gov.uk\/<\/a><\/li>\n<li><strong>1987.<\/strong> \u00c9pouse Johanna (Anneke) Lemkes, des Pays-Bas<\/li>\n<li><strong>1988.<\/strong> D\u00e9part pour le Canada o\u00f9 ils s\u00e9journeront 10 mois, afin d\u2019obtenir un Certificate in Biblical Studies (Certificat d\u2019\u00c9tudes Bibliques) au \u00ab Tyndale University College &amp; Seminary \u00bb devenu depuis \u00ab Ontario Theological Seminary \u00bb &#8211; <a href=\"http:\/\/www.tyndale.ca\" target=\"_blank\" rel=\"noopener\">http:\/\/www.tyndale.ca<\/a><\/li>\n<li><strong>1989.<\/strong> Philip travaille aux pr\u00e9visions \u00e9conomiques \u00e0 la National Grid Company (industrie \u00e9lectrique britannique) &#8211; <a href=\"http:\/\/www.nationalgrid.com\" target=\"_blank\" rel=\"noopener\">http:\/\/www.nationalgrid.com<\/a><\/li>\n<li><strong>1990.<\/strong> Naissance de Vikki, leur premi\u00e8re fille<\/li>\n<li><strong>1991.<\/strong> Naissance d\u2019Elsa, leur seconde fille<\/li>\n<li><strong>1992.<\/strong> Philip laisse son travail s\u00e9culier pour s\u2019engager \u00e0 plein temps dans l\u2019\u0153uvre missionnaire au sein des assembl\u00e9es chr\u00e9tiennes de Colombie. Anneke et lui s\u2019\u00e9tablissent \u00e0 Pereira &#8211; <a href=\"http:\/\/en.wikipedia.org\/wiki\/Pereira,_Colombia\" target=\"_blank\" rel=\"noopener\">http:\/\/en.wikipedia.org\/wiki\/Pereira,_Colombia<\/a><\/li>\n<li><strong>1994.<\/strong> Naissance de leur fils Edward<\/li>\n<li><strong>1998.<\/strong> Naissance de Julie, leur quatri\u00e8me enfant<\/li>\n<li><strong>2001.<\/strong> Retour \u00e0 Londres pour une ann\u00e9e sabbatique. Philip se consacre \u00e0 des cours au Spurgeon College et \u00e0 la visite de nombreuses assembl\u00e9es, principalement en Europe &#8211; <a href=\"http:\/\/www.spurgeons.ac.uk\" target=\"_blank\" rel=\"noopener\">http:\/\/www.spurgeons.ac.uk<\/a><\/li>\n<li><strong>2002.<\/strong> Retour en Colombie. Ils quittent Pereira pour s\u2019\u00e9tablir \u00e0 Armenia afin de mettre en place une nouvelle assembl\u00e9e dans cette ville &#8211; <a href=\"http:\/\/en.wikipedia.org\/wiki\/Armenia,_Colombia\" target=\"_blank\" rel=\"noopener\">http:\/\/en.wikipedia.org\/wiki\/Armenia,_Colombia<\/a><\/li>\n<li><strong>2007.<\/strong> Retour \u00e0 Eindhoven aux Pays Bas<\/li>\n<li><strong>2009. <\/strong>Anneke est victime de burn out<\/li>\n<li><strong>2010. <\/strong>Leur fils Edward subit une importante op\u00e9ration de reconstruction cardiaque. Voir \u00ab\u00a0<a href=\"https:\/\/philipnunn.com\/fr\/2010\/05\/10\/30-deep-waters\/\">Eaux profondes<\/a>\u00ab\u00a0.<\/li>\n<li><strong>2011.<\/strong> Vikki, leur fille a\u00een\u00e9e, \u00e9pouse Steven de Jager<\/li>\n<li><strong>2012. <\/strong>Philip commence un Master en \u2018Christianisme et Soci\u00e9t\u00e9\u2019 \u00e0 temps partiel \u00e0 l\u2019universit\u00e9 de Tilburg : <a href=\"http:\/\/www.tilburguniversity.edu\/education\/masters-programmes\/christianity-and-society\/\" target=\"_blank\" rel=\"noopener\">http:\/\/www.tilburguniversity.edu\/education\/masters-programmes\/christianity-and-society\/<\/a><\/li>\n<li><strong>2014.<\/strong> Obtention d\u2019une Ma\u00eetrise et soutenance de th\u00e8se : <a href=\"http:\/\/philipnunn.com\/2014\/08\/church-and-gender-in-the-first-three-centuries\/\">cliquez ici<\/a><\/li>\n<li><strong>2017.<\/strong>\u00a0Mariage d\u2019Elsa, la seconde fille, avec Robert van Hardeveld<\/li>\n<li><strong>2021.<\/strong>\u00a0Notre fils Edward \u00e9pouse Arinda vd Kolk.<\/li>\n<\/ul>","protected":false},"excerpt":{"rendered":"<p>Philip (n\u00e9 en Angleterre) et Anneke (n\u00e9e en Hollande) se sont install\u00e9s en Colombie en 1992. Jusqu\u2019\u00e0 juin 2007, ils y ont travaill\u00e9 en tant que missionnaires chr\u00e9tiens \u00e0 plein temps. Ils ressentaient que leur appel consistait \u00e0 enseigner la Bible, former des disciples, et encourager la cr\u00e9ation de nouvelles assembl\u00e9es. Philip &amp; Anneke et leurs enfants font aujourd\u2019hui partie d\u2019une assembl\u00e9e chr\u00e9tienne \u00e0 Eindhoven, (voir http:\/\/www.debroneindhoven.nl). Leur exp\u00e9rience acquise aupr\u00e8s des assembl\u00e9es au Canada, en Angleterre et en Colombie, jointe aux outils acquis en travaillant avec les Navigators et les G\u00e9d\u00e9ons \u00e0 Londres ont aid\u00e9 \u00e0 former leur mani\u00e8re [&hellip;]<\/p>\n","protected":false},"author":1,"featured_media":0,"parent":0,"menu_order":0,"comment_status":"closed","ping_status":"closed","template":"","meta":{"_acf_changed":false,"footnotes":""},"class_list":["post-114","page","type-page","status-publish","hentry"],"acf":[],"_links":{"self":[{"href":"https:\/\/philipnunn.com\/fr\/wp-json\/wp\/v2\/pages\/114"}],"collection":[{"href":"https:\/\/philipnunn.com\/fr\/wp-json\/wp\/v2\/pages"}],"about":[{"href":"https:\/\/philipnunn.com\/fr\/wp-json\/wp\/v2\/types\/page"}],"author":[{"embeddable":true,"href":"https:\/\/philipnunn.com\/fr\/wp-json\/wp\/v2\/users\/1"}],"replies":[{"embeddable":true,"href":"https:\/\/philipnunn.com\/fr\/wp-json\/wp\/v2\/comments?post=114"}],"version-history":[{"count":9,"href":"https:\/\/philipnunn.com\/fr\/wp-json\/wp\/v2\/pages\/114\/revisions"}],"predecessor-version":[{"id":20909,"href":"https:\/\/philipnunn.com\/fr\/wp-json\/wp\/v2\/pages\/114\/revisions\/20909"}],"wp:attachment":[{"href":"https:\/\/philipnunn.com\/fr\/wp-json\/wp\/v2\/media?parent=114"}],"curies":[{"name":"wp","href":"https:\/\/api.w.org\/{rel}","templated":true}]}}