{"id":93,"date":"2016-10-16T18:27:26","date_gmt":"2016-10-16T23:27:26","guid":{"rendered":"http:\/\/trejosmusica.com\/philipnunn.com\/?page_id=93"},"modified":"2017-08-25T10:45:13","modified_gmt":"2017-08-25T15:45:13","slug":"help-download-cut-paste","status":"publish","type":"page","link":"https:\/\/philipnunn.com\/es\/help-download-cut-paste\/","title":{"rendered":"(English) Help: Download, Cut &#038; Paste"},"content":{"rendered":"<p class=\"qtranxs-available-languages-message qtranxs-available-languages-message-es\">Disculpa, pero esta entrada est\u00e1 disponible s\u00f3lo en <a href=\"https:\/\/philipnunn.com\/en\/wp-json\/wp\/v2\/pages\/93\" class=\"qtranxs-available-language-link qtranxs-available-language-link-en\" title=\"English\">English<\/a>, <a href=\"https:\/\/philipnunn.com\/fr\/wp-json\/wp\/v2\/pages\/93\" class=\"qtranxs-available-language-link qtranxs-available-language-link-fr\" title=\"Fran\u00e7ais\">Fran\u00e7ais<\/a> y <a href=\"https:\/\/philipnunn.com\/de\/wp-json\/wp\/v2\/pages\/93\" class=\"qtranxs-available-language-link qtranxs-available-language-link-de\" title=\"Deutsch\">Deutsch<\/a>.<\/p>","protected":false},"excerpt":{"rendered":"<p>Disculpa, pero esta entrada est\u00e1 disponible s\u00f3lo en English, Fran\u00e7ais y Deutsch.<\/p>\n","protected":false},"author":1,"featured_media":0,"parent":0,"menu_order":0,"comment_status":"closed","ping_status":"closed","template":"","meta":{"_acf_changed":false,"footnotes":""},"class_list":["post-93","page","type-page","status-publish","hentry"],"acf":[],"_links":{"self":[{"href":"https:\/\/philipnunn.com\/es\/wp-json\/wp\/v2\/pages\/93"}],"collection":[{"href":"https:\/\/philipnunn.com\/es\/wp-json\/wp\/v2\/pages"}],"about":[{"href":"https:\/\/philipnunn.com\/es\/wp-json\/wp\/v2\/types\/page"}],"author":[{"embeddable":true,"href":"https:\/\/philipnunn.com\/es\/wp-json\/wp\/v2\/users\/1"}],"replies":[{"embeddable":true,"href":"https:\/\/philipnunn.com\/es\/wp-json\/wp\/v2\/comments?post=93"}],"version-history":[{"count":1,"href":"https:\/\/philipnunn.com\/es\/wp-json\/wp\/v2\/pages\/93\/revisions"}],"predecessor-version":[{"id":94,"href":"https:\/\/philipnunn.com\/es\/wp-json\/wp\/v2\/pages\/93\/revisions\/94"}],"wp:attachment":[{"href":"https:\/\/philipnunn.com\/es\/wp-json\/wp\/v2\/media?parent=93"}],"curies":[{"name":"wp","href":"https:\/\/api.w.org\/{rel}","templated":true}]}}