{"id":87,"date":"2016-10-16T18:26:10","date_gmt":"2016-10-16T23:26:10","guid":{"rendered":"http:\/\/trejosmusica.com\/philipnunn.com\/?page_id=87"},"modified":"2017-08-25T10:53:57","modified_gmt":"2017-08-25T15:53:57","slug":"publishing-policy","status":"publish","type":"page","link":"https:\/\/philipnunn.com\/es\/publishing-policy\/","title":{"rendered":"Pol\u00edtica de publicaci\u00f3n"},"content":{"rendered":"El formato amigable de los art\u00edculos y eBooks le permite copiar, pegar y modificar el dise\u00f1o para ajustarlo a sus necesidades. Ya que nuestro objetivo es animar y desafiar a la mayor cantidad de cristianos posible, todo el material en este sitio web puede ser reproducido libremente. Invitamos a administradores de sitios web, editores de revistas y casas editoriales a usar estos art\u00edculos o alguna parte de ellos. Como es normal, el nombre del autor deber\u00eda aparecer en alg\u00fan lugar de la publicaci\u00f3n.<\/p>\n<p>Para animar a que los lectores aprovechen otros art\u00edculos, agradecer\u00edamos que identifique esta fuente, usando algo como:<\/p>\n<p style=\"text-align: center;\"><strong>Fuente: www.philipnunn.com<\/strong><\/p>\n<p>Si, por alguna raz\u00f3n, no considera conveniente agregar esto a su publicaci\u00f3n, si\u00e9ntase en libertad de usar este material sin citar la fuente. \u00a1Tiene mi autorizaci\u00f3n!<\/p>\n<p>Si una revista encarga una traducci\u00f3n, puede retener sus derechos exclusivos de publicaci\u00f3n hasta por 90 d\u00edas despu\u00e9s de su publicaci\u00f3n. Luego de este plazo, la traducci\u00f3n deber\u00eda poder distribuirse libremente a trav\u00e9s de este sitio web.<\/p>\n<p>Si usted utiliza uno o m\u00e1s art\u00edculos o eBooks de este sitio en su revista o sitio web, nos gustar\u00eda saberlo. Esto no es necesario &#8211; pero ser\u00eda de \u00e1nimo para continuar escribiendo. Nos encantar\u00eda considerar si es posible agregar los detalles de su sitio web, revista, editorial o emisora de radio a nuestros Enlaces recomendados.<\/p>\n<p><strong>Observaci\u00f3n:<\/strong> El hecho de que usted utilice algo de este sitio web no implica que est\u00e9 de acuerdo con todo lo expresado en este sitio. De igual modo, el hecho de que un sitio web, revista o casa editorial decida utilizar alg\u00fan material de mi sitio web, no necesariamente significa que yo apoye todo lo que produzca dicha fuente. Como comunicadores cristianos, buscamos puntos en com\u00fan para animar y desafiar al pueblo de Dios. Pero cada fuente es responsable delante de Dios por lo que produce.<\/p>\n<p>Que el Se\u00f1or nos utilice para ser de bendici\u00f3n a todos los que podamos alcanzar al esparcir la semilla de la Palabra de Dios hasta donde sea posible.<\/p>\n<p style=\"text-align: center;\"><em>\u201cAs\u00ed que no cuenta ni el que siembra ni el que riega,<\/em><br \/>\n<em> sino solo Dios, quien es el que hace crecer.<\/em><br \/>\n<em> El que siembra y el que riega est\u00e1n al mismo nivel,<\/em><br \/>\n<em> aunque cada uno ser\u00e1 recompensado seg\u00fan su propio trabajo.\u201d<\/em><br \/>\n<strong>1 Corintios 3:7-8 NVI<\/strong><\/p>","protected":false},"excerpt":{"rendered":"<p>El formato amigable de los art\u00edculos y eBooks le permite copiar, pegar y modificar el dise\u00f1o para ajustarlo a sus necesidades. Ya que nuestro objetivo es animar y desafiar a la mayor cantidad de cristianos posible, todo el material en este sitio web puede ser reproducido libremente. Invitamos a administradores de sitios web, editores de revistas y casas editoriales a usar estos art\u00edculos o alguna parte de ellos. Como es normal, el nombre del autor deber\u00eda aparecer en alg\u00fan lugar de la publicaci\u00f3n. Para animar a que los lectores aprovechen otros art\u00edculos, agradecer\u00edamos que identifique esta fuente, usando algo como: [&hellip;]<\/p>\n","protected":false},"author":1,"featured_media":0,"parent":0,"menu_order":0,"comment_status":"closed","ping_status":"closed","template":"","meta":{"_acf_changed":false,"footnotes":""},"class_list":["post-87","page","type-page","status-publish","hentry"],"acf":[],"_links":{"self":[{"href":"https:\/\/philipnunn.com\/es\/wp-json\/wp\/v2\/pages\/87"}],"collection":[{"href":"https:\/\/philipnunn.com\/es\/wp-json\/wp\/v2\/pages"}],"about":[{"href":"https:\/\/philipnunn.com\/es\/wp-json\/wp\/v2\/types\/page"}],"author":[{"embeddable":true,"href":"https:\/\/philipnunn.com\/es\/wp-json\/wp\/v2\/users\/1"}],"replies":[{"embeddable":true,"href":"https:\/\/philipnunn.com\/es\/wp-json\/wp\/v2\/comments?post=87"}],"version-history":[{"count":5,"href":"https:\/\/philipnunn.com\/es\/wp-json\/wp\/v2\/pages\/87\/revisions"}],"predecessor-version":[{"id":19265,"href":"https:\/\/philipnunn.com\/es\/wp-json\/wp\/v2\/pages\/87\/revisions\/19265"}],"wp:attachment":[{"href":"https:\/\/philipnunn.com\/es\/wp-json\/wp\/v2\/media?parent=87"}],"curies":[{"name":"wp","href":"https:\/\/api.w.org\/{rel}","templated":true}]}}