{"id":85,"date":"2016-10-16T18:25:50","date_gmt":"2016-10-16T23:25:50","guid":{"rendered":"http:\/\/trejosmusica.com\/philipnunn.com\/?page_id=85"},"modified":"2017-08-25T10:34:58","modified_gmt":"2017-08-25T15:34:58","slug":"can-you-translate","status":"publish","type":"page","link":"https:\/\/philipnunn.com\/es\/can-you-translate\/","title":{"rendered":"\u00bfPuede ud. traducir?"},"content":{"rendered":"Escribir lleva tiempo y esfuerzo. Pero cuando un art\u00edculo se encuentra terminado, el Se\u00f1or puede usarlo para animar y desafiar a muchos cristianos &#8211; en cualquier lugar del mundo, en este momento y en el futuro.<\/p>\n<p>El proceso de traducci\u00f3n tambi\u00e9n es un trabajo duro. Pero cuando se realiza una traducci\u00f3n adecuada, \u00a1esta permanece vigente! El Se\u00f1or ahora puede usarla para animar y desafiar a cristianos de otras partes del mundo. Si usted es un cristiano biling\u00fce y se ha visto beneficiado por alg\u00fan material de este sitio web, perm\u00edtame animarle a considerar la posibilidad de convertirse en un traductor &#8211; un colaborador en este proyecto.<\/p>\n<p>Tal vez usted sea un hermano o hermana, joven o de edad. \u00a1Bienvenido! Quiz\u00e1 desee traducir solamente un art\u00edculo. \u00a1Fant\u00e1stico! Tal vez quiera traducir con la ayuda de 2 o 3 amigos. \u00a1Maravilloso! Puede utilizar como base cualquiera de los idiomas disponibles. Si siente que el Se\u00f1or lo llama a cooperar, por favor p\u00f3ngase en contacto. Es preferible que haga su traducci\u00f3n a su lengua materna, pues usualmente el proceso es mejor de esta manera.<\/p>\n<p>En este momento nos encantar\u00eda encontrar traductores:<\/p>\n<p>De INGL\u00c9S a HOLAND\u00c9S y a ESPA\u00d1OL<\/p>\n<p>De INGL\u00c9S o FRANC\u00c9S a ITALIANO<\/p>\n<p>&#8230;y a NORUEGO, PORTUGU\u00c9S, GRIEGO, CHINO&#8230; etc.<\/p>\n<p>Antes de comenzar su traducci\u00f3n, <a href=\"http:\/\/philipnunn.com\/contact-the-author\/\">por favor cont\u00e1cteme<\/a>. \u00a1Alguien m\u00e1s puede haber comenzado a traducir el mismo contenido que usted!","protected":false},"excerpt":{"rendered":"<p>Escribir lleva tiempo y esfuerzo. Pero cuando un art\u00edculo se encuentra terminado, el Se\u00f1or puede usarlo para animar y desafiar a muchos cristianos &#8211; en cualquier lugar del mundo, en este momento y en el futuro. El proceso de traducci\u00f3n tambi\u00e9n es un trabajo duro. Pero cuando se realiza una traducci\u00f3n adecuada, \u00a1esta permanece vigente! El Se\u00f1or ahora puede usarla para animar y desafiar a cristianos de otras partes del mundo. Si usted es un cristiano biling\u00fce y se ha visto beneficiado por alg\u00fan material de este sitio web, perm\u00edtame animarle a considerar la posibilidad de convertirse en un traductor [&hellip;]<\/p>\n","protected":false},"author":1,"featured_media":335,"parent":0,"menu_order":0,"comment_status":"closed","ping_status":"closed","template":"","meta":{"_acf_changed":false,"footnotes":""},"class_list":["post-85","page","type-page","status-publish","has-post-thumbnail","hentry"],"acf":[],"_links":{"self":[{"href":"https:\/\/philipnunn.com\/es\/wp-json\/wp\/v2\/pages\/85"}],"collection":[{"href":"https:\/\/philipnunn.com\/es\/wp-json\/wp\/v2\/pages"}],"about":[{"href":"https:\/\/philipnunn.com\/es\/wp-json\/wp\/v2\/types\/page"}],"author":[{"embeddable":true,"href":"https:\/\/philipnunn.com\/es\/wp-json\/wp\/v2\/users\/1"}],"replies":[{"embeddable":true,"href":"https:\/\/philipnunn.com\/es\/wp-json\/wp\/v2\/comments?post=85"}],"version-history":[{"count":5,"href":"https:\/\/philipnunn.com\/es\/wp-json\/wp\/v2\/pages\/85\/revisions"}],"predecessor-version":[{"id":19258,"href":"https:\/\/philipnunn.com\/es\/wp-json\/wp\/v2\/pages\/85\/revisions\/19258"}],"wp:featuredmedia":[{"embeddable":true,"href":"https:\/\/philipnunn.com\/es\/wp-json\/wp\/v2\/media\/335"}],"wp:attachment":[{"href":"https:\/\/philipnunn.com\/es\/wp-json\/wp\/v2\/media?parent=85"}],"curies":[{"name":"wp","href":"https:\/\/api.w.org\/{rel}","templated":true}]}}