{"id":83,"date":"2016-10-16T17:56:28","date_gmt":"2016-10-16T22:56:28","guid":{"rendered":"http:\/\/trejosmusica.com\/philipnunn.com\/?page_id=83"},"modified":"2017-08-25T10:49:45","modified_gmt":"2017-08-25T15:49:45","slug":"mission-vision","status":"publish","type":"page","link":"https:\/\/philipnunn.com\/es\/mission-vision\/","title":{"rendered":"Misi\u00f3n y visi\u00f3n"},"content":{"rendered":"<strong>Misi\u00f3n:<\/strong><\/p>\n<p>El sue\u00f1o al crear este witio web es ofrecer &#8211; de manera gratuita, flexible y de f\u00e1cil acceso &#8211; material con bases b\u00edblicas, que promuevan la reflexi\u00f3n y que generen desaf\u00edos para la mayor cantidad posible de cristianos.<\/p>\n<p><strong>Visi\u00f3n:<\/strong><\/p>\n<p>A medida que se escriban nuevos art\u00edculos y eBooks, y \u00e9stos sean traducidos por colaboradores cristianos biling\u00fces, esperamos que este sitio web alcance y sea de bendici\u00f3n para una mayor cantidad de hermanos y hermanas en todo el mundo.","protected":false},"excerpt":{"rendered":"<p>Misi\u00f3n: El sue\u00f1o al crear este witio web es ofrecer &#8211; de manera gratuita, flexible y de f\u00e1cil acceso &#8211; material con bases b\u00edblicas, que promuevan la reflexi\u00f3n y que generen desaf\u00edos para la mayor cantidad posible de cristianos. Visi\u00f3n: A medida que se escriban nuevos art\u00edculos y eBooks, y \u00e9stos sean traducidos por colaboradores cristianos biling\u00fces, esperamos que este sitio web alcance y sea de bendici\u00f3n para una mayor cantidad de hermanos y hermanas en todo el mundo.<\/p>\n","protected":false},"author":1,"featured_media":0,"parent":0,"menu_order":0,"comment_status":"closed","ping_status":"closed","template":"","meta":{"_acf_changed":false,"footnotes":""},"class_list":["post-83","page","type-page","status-publish","hentry"],"acf":[],"_links":{"self":[{"href":"https:\/\/philipnunn.com\/es\/wp-json\/wp\/v2\/pages\/83"}],"collection":[{"href":"https:\/\/philipnunn.com\/es\/wp-json\/wp\/v2\/pages"}],"about":[{"href":"https:\/\/philipnunn.com\/es\/wp-json\/wp\/v2\/types\/page"}],"author":[{"embeddable":true,"href":"https:\/\/philipnunn.com\/es\/wp-json\/wp\/v2\/users\/1"}],"replies":[{"embeddable":true,"href":"https:\/\/philipnunn.com\/es\/wp-json\/wp\/v2\/comments?post=83"}],"version-history":[{"count":5,"href":"https:\/\/philipnunn.com\/es\/wp-json\/wp\/v2\/pages\/83\/revisions"}],"predecessor-version":[{"id":19264,"href":"https:\/\/philipnunn.com\/es\/wp-json\/wp\/v2\/pages\/83\/revisions\/19264"}],"wp:attachment":[{"href":"https:\/\/philipnunn.com\/es\/wp-json\/wp\/v2\/media?parent=83"}],"curies":[{"name":"wp","href":"https:\/\/api.w.org\/{rel}","templated":true}]}}