{"id":26,"date":"2016-10-16T16:46:08","date_gmt":"2016-10-16T21:46:08","guid":{"rendered":"http:\/\/trejosmusica.com\/philipnunn.com\/?page_id=26"},"modified":"2017-08-25T11:05:07","modified_gmt":"2017-08-25T16:05:07","slug":"subscribe-to-this-website","status":"publish","type":"page","link":"https:\/\/philipnunn.com\/es\/subscribe-to-this-website\/","title":{"rendered":"Suscr\u00edbase al sitio web"},"content":{"rendered":"Al completar y enviar este formulario, usted se suscribir\u00e1 a nuestra lista de correos. Cada cierto tiempo le enviaremos informaci\u00f3n de actualizaciones importantes. Su informaci\u00f3n personal no ser\u00e1 usada para otros prop\u00f3sitos, ni ser\u00e1 entregada a terceros.<\/p>\n<p>Puede darse de baja de nuestra lista haciendo clic en el link correspondiente al final de cada correo que le enviemos.<\/p>\n<p>Los campos marcados con (*) son obligatorios.<\/p>\n<hr \/>\n[mailpoet_form id=\u00bb2&#8243;]","protected":false},"excerpt":{"rendered":"<p>Al completar y enviar este formulario, usted se suscribir\u00e1 a nuestra lista de correos. Cada cierto tiempo le enviaremos informaci\u00f3n de actualizaciones importantes. Su informaci\u00f3n personal no ser\u00e1 usada para otros prop\u00f3sitos, ni ser\u00e1 entregada a terceros. Puede darse de baja de nuestra lista haciendo clic en el link correspondiente al final de cada correo que le enviemos. Los campos marcados con (*) son obligatorios. [mailpoet_form id=\u00bb2&#8243;]<\/p>\n","protected":false},"author":1,"featured_media":296,"parent":0,"menu_order":0,"comment_status":"closed","ping_status":"closed","template":"","meta":{"_acf_changed":false,"footnotes":""},"class_list":["post-26","page","type-page","status-publish","has-post-thumbnail","hentry"],"acf":[],"_links":{"self":[{"href":"https:\/\/philipnunn.com\/es\/wp-json\/wp\/v2\/pages\/26"}],"collection":[{"href":"https:\/\/philipnunn.com\/es\/wp-json\/wp\/v2\/pages"}],"about":[{"href":"https:\/\/philipnunn.com\/es\/wp-json\/wp\/v2\/types\/page"}],"author":[{"embeddable":true,"href":"https:\/\/philipnunn.com\/es\/wp-json\/wp\/v2\/users\/1"}],"replies":[{"embeddable":true,"href":"https:\/\/philipnunn.com\/es\/wp-json\/wp\/v2\/comments?post=26"}],"version-history":[{"count":6,"href":"https:\/\/philipnunn.com\/es\/wp-json\/wp\/v2\/pages\/26\/revisions"}],"predecessor-version":[{"id":19267,"href":"https:\/\/philipnunn.com\/es\/wp-json\/wp\/v2\/pages\/26\/revisions\/19267"}],"wp:featuredmedia":[{"embeddable":true,"href":"https:\/\/philipnunn.com\/es\/wp-json\/wp\/v2\/media\/296"}],"wp:attachment":[{"href":"https:\/\/philipnunn.com\/es\/wp-json\/wp\/v2\/media?parent=26"}],"curies":[{"name":"wp","href":"https:\/\/api.w.org\/{rel}","templated":true}]}}