{"id":116,"date":"2016-10-16T18:33:47","date_gmt":"2016-10-16T23:33:47","guid":{"rendered":"http:\/\/trejosmusica.com\/philipnunn.com\/?page_id=116"},"modified":"2017-08-25T17:47:36","modified_gmt":"2017-08-25T22:47:36","slug":"brief-doctrinal-statement","status":"publish","type":"page","link":"https:\/\/philipnunn.com\/es\/brief-doctrinal-statement\/","title":{"rendered":"Breve declaraci\u00f3n doctrinal"},"content":{"rendered":"A medida que estudiamos la Palabra de Dios y encontramos nuevos desaf\u00edos para nuestra vida y nuestro ministerio, el Esp\u00edritu Santo va iluminando cada vez m\u00e1s las mismas antiguas Escrituras. La verdad de Dios es absoluta. Pero nuestro entendimiento de ella requiere de trabajo serio y de disposici\u00f3n a ser guiados por el Esp\u00edritu Santo. A medida que vivimos, deber\u00edamos buscar ser aprendices humildes, reconociendo nuestro entendimiento limitado de la mente de Dios y Sus maneras de obrar. \u00a1No podemos acomodar todo dentro peque\u00f1as cajas doctrinales! \u00a1El Se\u00f1or ha escogido dificultarnos las cosas a los que preferimos la comodidad de una Teolog\u00eda Sistem\u00e1tica! Esto asegura que hasta que lleguemos a la casa del Padre, nos veamos forzados a depender del Esp\u00edritu Santo para entender y aplicar las Escrituras.<\/p>\n<p>Sin embargo, el hecho de que Dios haya escogido revelar Su mente de forma escrita &#8211; con verbos, sustantivos, figuras de lenguaja y utilizando reglas gramaticales normales &#8211; asegura que la revelaci\u00f3n no se convierta en algo subjetivo.<\/p>\n<p>Con el tiempo, algunas ense\u00f1anzas &#8211; o doctrinas &#8211; b\u00edblicas nos parecen m\u00e1s claras. Las comparamos con el resto de la Escritura. Nos persuadimos por completo. Tomamos decisiones basados en ellas. Descansamos en ellas.<\/p>\n<p style=\"text-align: center;\">\u00abPero persiste <em>t\u00fa<\/em> en lo que has aprendido<br \/>\ny <em>te<\/em> persuadiste&#8230;<br \/>\nhas sabido las Sagradas Escrituras,<br \/>\nlas cuales te pueden hacer sabio para la salvaci\u00f3n<br \/>\npor la fe que <em>es<\/em> en Cristo Jes\u00fas.<br \/>\nToda la Escritura <em>es<\/em> inspirada por Dios, y \u00fatil&#8230;<br \/>\na fin de que el hombre de Dios sea perfecto,<br \/>\nenteramente preparado para toda buena obra.\u00bb<br \/>\n<strong>&#8211; 2 Timoteo 3:14-17<\/strong><\/p>\n<p>A continuaci\u00f3n encontrar\u00e1 una breve declaraci\u00f3n doctrinal. Si me pidiera una declaraci\u00f3n exhaustiva, yo se\u00f1alar\u00eda su propia Biblia. Esta declaraci\u00f3n est\u00e1 aqu\u00ed para responder a aquellos que naturalmente preguntan: \u00ab\u00bfDe d\u00f3nde proviene este autor?\u00bb y \u00ab\u00bfEst\u00e1 en lo correcto?\u00bb. \u00a1A todos nos gusta evitar sorpresas desagradables!<\/p>\n<p>Estas forman parte de mis convicciones. Creo en:<\/p>\n<h2>Dios<\/h2>\n<p>Solo hay un Dios verdadero, eterno y todo poderoso. La naturaleza de Dios es revalada a nosotros en la Biblia: El Padre es Dios; el Hijo (Jesucristo) es Dios y es diferente del Padre; el Esp\u00edritu Santo es Dios, es una persona, y es diferente del Padre y del Hijo. Esta verdad armoniza con el hecho de que \u00abel Se\u00f1or nuestro Dios, el Se\u00f1or es uno\u00bb. Algunas realidades espirituales son dif\u00edciles de expresar adecuadamente en un idioma creado para el mundo natural. La descripci\u00f3n de algunas realidades, como la naturaleza de Dios, nos parece contradictoria. No digo que la entiendo, pero acepto por la fe la revelaci\u00f3n que Dios hace de s\u00ed mismo. Esta se conoce com\u00fanmente con el nombre de la Trinidad o la Naturaleza trina de Dios.<\/p>\n<hr\/>\n<h2>La humanidad<\/h2>\n<p>El hombre y la mujer fueron creados por Dios a Su imagen. Cada humano es igualmente valioso para Dios y es amado profundamente por \u00c9l. La vida es sagrada. La humanidad fue creada perfecta &#8211; sin pecado.<\/p>\n<hr\/>\n<h2>El pecado<\/h2>\n<p>El pecado todo aquello que no est\u00e1 en armon\u00eda con la voluntad de Dios. Es el fracaso en vivir de acuerdo con lo que Dios espera de nosotros &#8211; en pensamientos, en palabras, en acciones y en la forma de ser. Ya que el pecado ha entrado en el mundo, nacemos con la inclinaci\u00f3n a pecar. Cada parte de nosotros es tentada por el pecado. De no ser por la iniciativa de Dios, estamos condenado.<\/p>\n<hr\/>\n<h2>Jesucristo<\/h2>\n<p>Jesucristo es Dios hecho carne &#8211; verdaderamente hombre y verdaderamente Dios. Debemos adorarle como a Dios. Fue concebido por obra del Esp\u00edritu Santo en el vientre de la virgen Mar\u00eda. Vivi\u00f3 una vida sin pecado y fue crucificado, y muri\u00f3 en realidad &#8211; llevando el castigo de nuestro pecados sobre Su cuerpo en la cruz. El Padre le resucit\u00f3 al tercer d\u00eda, y ahora vive e intercede por nosotros.<\/p>\n<hr\/>\n<h2>La salvaci\u00f3n<\/h2>\n<p>Jesucristo es el \u00fanico Salvador. \u00c9l muri\u00f3 en la cruz en representaci\u00f3n del mundo entero. Aquellos que se arrepienten y le entregan su vida (es decir, creen) reciben el beneficio de Su muerte &#8211; la salvaci\u00f3n eterna. Una vez que un pecador ha sido salvado, nunca ser\u00e1 condenado. No podemos hacer nada para ganar o conservar este regalo de salvaci\u00f3n. Es un don gratuito. La fe salvadora cambia la manera en la que vivimos &#8211; debe haber frutos. Puesto que Jes\u00fas dijo que \u00c9l es \u00abel camino\u00bb y \u00abnadie viene al Padre sino por m\u00ed\u00bb, aquellos que lo rechazan est\u00e1n perdidos. Les espera el castigo eterno.<\/p>\n<hr\/>\n<h2>El Esp\u00edritu Santo<\/h2>\n<p>A trav\u00e9s de las Escrituras, se ve al Esp\u00edritu Santo con caracter\u00edsticas de una Persona Divina. \u00c9l es la Persona particular de la Trinidad a trav\u00e9s de la cual Dios obra en nosotros. El Esp\u00edritu Santo nos convence del pecado, regenera y gu\u00eda al creyente. Una persona recibe al Esp\u00edritu Santo en el momento en el que nace de nuevo. De ah\u00ed en adelante, cada cristiano tiene la responsabilidad de ser lleno del Esp\u00edritu Santo y someterse a Su direcci\u00f3n.<\/p>\n<hr\/>\n<h2>La Biblia<\/h2>\n<p>La Biblia entera (sin los libros ap\u00f3crifos) es la Palabra inspirada de Dios. Es la \u00fanica base de autoridad en todos los asuntos de fe y pr\u00e1ctica cristiana. Debe leerse y estudiarse utilizando las reglas normales de la gram\u00e1tica, identificando figuras del lenguaje, tomando en cuenta su contexto hist\u00f3rico, geogr\u00e1fico y cultura. Se deben diferenciar los tratos de Dios con la naci\u00f3n de Israel y con la Iglesia. La Palabra de Dios es viva y activa. Se necesita la gu\u00eda del Esp\u00edritu Santo para entenderla y aplicarla correctamente.<\/p>\n<hr\/>\n<h2>La Iglesia<\/h2>\n<p>El Se\u00f1or Jes\u00fas empez\u00f3 una nueva entidad: la Iglesia. \u00c9l dijo: \u00abEdificar\u00e9 mi iglesia\u00bb. Esta Iglesia est\u00e1 formada por todos los verdaderos cristianos nacidos de nuevo. Cristo es la \u00fanica Cabeza de este cuerpo universal de creyentes. Los creyentes deben reunirse y formar asambleas o iglesias locales. Cristo ha delegado autoridad limitada a sus l\u00edderes locales para que cuiden del reba\u00f1o local. Cristo se hace presente donde hay 2 o 3 cristianos reunidos en Su nombre. Cada asamblea o iglesia local tiene la responsabilidad de filtrar a qui\u00e9nes recibe en su comuni\u00f3n &#8211; esto requiere cierto grado de madurez cristiana y una dependencia real del Se\u00f1or.<\/p>\n<hr\/>\n<h2>El Bautismo y la Cena del Se\u00f1or<\/h2>\n<p>El bautismo en agua normalmente debe seguir a la conversi\u00f3n. La celebraci\u00f3n de la Cena del Se\u00f1or debe practicarse colectivamente con regularidad.<\/p>\n<hr\/>\n<h2>El futuro<\/h2>\n<p>Hay muchas cosas aqu\u00ed que a\u00fan no est\u00e1n claras para m\u00ed. Pero algunas son sencillas: despu\u00e9s de la muerte hay solamente dos destinos &#8211; con Cristo en la gloria y sin Cristo en tormento eterno. Jes\u00fas prometi\u00f3 preparar un lugar para nosotros en la casa del Padre. El Se\u00f1or mismo descender\u00e1 del cielo. Los muertos en Cristo se levantar\u00e1n primero. Luego, aquellos que est\u00e9n vivos, ser\u00e1n tomados juntamente con ellos en las nubes para recibir al Se\u00f1or en el aire. Y as\u00ed estaremos siempre con el Se\u00f1or. Para esta tierra, las Escrituras describen un tiempo futuro de tribulaci\u00f3n y mil a\u00f1os de paz. En cumplimiento de Su promesa, habr\u00e1 un nuevo cielo y una nueva tierra, la morada de los justos. \u201cPor lo cual, oh amados, estando en espera de estas cosas, procurad con diligencia ser hallados por \u00e9l sin mancha e irreprensibles, en paz.\u201d","protected":false},"excerpt":{"rendered":"<p>A medida que estudiamos la Palabra de Dios y encontramos nuevos desaf\u00edos para nuestra vida y nuestro ministerio, el Esp\u00edritu Santo va iluminando cada vez m\u00e1s las mismas antiguas Escrituras. La verdad de Dios es absoluta. Pero nuestro entendimiento de ella requiere de trabajo serio y de disposici\u00f3n a ser guiados por el Esp\u00edritu Santo. A medida que vivimos, deber\u00edamos buscar ser aprendices humildes, reconociendo nuestro entendimiento limitado de la mente de Dios y Sus maneras de obrar. \u00a1No podemos acomodar todo dentro peque\u00f1as cajas doctrinales! \u00a1El Se\u00f1or ha escogido dificultarnos las cosas a los que preferimos la comodidad de [&hellip;]<\/p>\n","protected":false},"author":1,"featured_media":0,"parent":0,"menu_order":0,"comment_status":"closed","ping_status":"closed","template":"","meta":{"_acf_changed":false,"footnotes":""},"class_list":["post-116","page","type-page","status-publish","hentry"],"acf":[],"_links":{"self":[{"href":"https:\/\/philipnunn.com\/es\/wp-json\/wp\/v2\/pages\/116"}],"collection":[{"href":"https:\/\/philipnunn.com\/es\/wp-json\/wp\/v2\/pages"}],"about":[{"href":"https:\/\/philipnunn.com\/es\/wp-json\/wp\/v2\/types\/page"}],"author":[{"embeddable":true,"href":"https:\/\/philipnunn.com\/es\/wp-json\/wp\/v2\/users\/1"}],"replies":[{"embeddable":true,"href":"https:\/\/philipnunn.com\/es\/wp-json\/wp\/v2\/comments?post=116"}],"version-history":[{"count":5,"href":"https:\/\/philipnunn.com\/es\/wp-json\/wp\/v2\/pages\/116\/revisions"}],"predecessor-version":[{"id":19411,"href":"https:\/\/philipnunn.com\/es\/wp-json\/wp\/v2\/pages\/116\/revisions\/19411"}],"wp:attachment":[{"href":"https:\/\/philipnunn.com\/es\/wp-json\/wp\/v2\/media?parent=116"}],"curies":[{"name":"wp","href":"https:\/\/api.w.org\/{rel}","templated":true}]}}