{"id":114,"date":"2016-10-16T18:33:34","date_gmt":"2016-10-16T23:33:34","guid":{"rendered":"http:\/\/trejosmusica.com\/philipnunn.com\/?page_id=114"},"modified":"2022-02-13T00:24:30","modified_gmt":"2022-02-13T05:24:30","slug":"about-the-author","status":"publish","type":"page","link":"https:\/\/philipnunn.com\/es\/about-the-author\/","title":{"rendered":"Acerca del autor"},"content":{"rendered":"<img decoding=\"async\" class=\"size-medium wp-image-915 alignleft\" src=\"http:\/\/philipnunn.com\/wp-content\/uploads\/2016\/10\/PhAnn2017-home.jpg\" alt=\"Philip and Anneke Nunn\" width=\"320\" \/>Felipe (nacido en Inglaterra) y Johanna (nacida en Holanda) se trasladaron a Colombia en 1992. All\u00ed trabajaron como misioneros cristianos de tiempo completo hasta junio de 2007. El llamado que sintieron fue a ense\u00f1ar la Biblia, entrenar, discipular, aconsejar y promover la formaci\u00f3n de nuevas asambleas cristianas.<\/p>\n<p>Felipe y Johanna, junto con sus hijos, ahora hacen parte de una asamblea cristiana en Eindhoven, Holanda (ver <a href=\"http:\/\/www.debroneindhoven.nl\" target=\"_blank\" rel=\"noopener\">http:\/\/www.debroneindhoven.nl<\/a>). Sus experiencias en el pasado entre asambleas en Canad\u00e1, Inglaterra y Colombia, junto con las herramientas obtenidas en su trabajo con los Navegantes y los Gedeones en Londres, han ayudado a modelar su estilo de trabajo.<\/p>\n<p>Felipe ense\u00f1a la mayor\u00eda de las veces en ingl\u00e9s y espa\u00f1ol, y desde 2008 tambi\u00e9n en holand\u00e9s. Lo hace en reuniones de estudio b\u00edblico, seminarios, campamentos y conferencias, en Europa y tambi\u00e9n en algunos campos misioneros. A partir del 2010, algunos de estos mensajes <a href=\"http:\/\/philipnunn.com\/category\/audio\/\" target=\"_blank\" rel=\"noopener\">se han publicado aqu\u00ed<\/a>, en formato MP3.<\/p>\n<p>A lo largo de los a\u00f1os, algunos de los temas cubiertos en seminarios y mensajes, se han escrito en espa\u00f1ol y en ingl\u00e9s. Un buen n\u00famero de estos art\u00edculos han sido traducidos y publicados en diferentes sitios web y revistas (<a href=\"http:\/\/philipnunn.com\/links\/\" target=\"_blank\" rel=\"noopener\">ver Enlaces<\/a>). Este sitio web en noviembre de 2006 se cre\u00f3 motivado por la buena respuesta de algunos lectores. La m\u00e1s reciente actualizaci\u00f3n completa del sitio web fue en abril de 2017, incorporando facilidades en la b\u00fasqueda y material audiovisual, entre otras ayudas que contribuyen a que el Cuerpo de Cristo pueda ser edificado con este material de una manera m\u00e1s accesible.<\/p>\n<p><strong>Fechas y eventos significativos<\/strong><\/p>\n<ul>\n<li><strong>1962.<\/strong> Nace en Inglaterra en el hogar de Pedro y Ana Mar\u00eda Nunn.<\/li>\n<li><strong>1967.<\/strong> La familia Nunn se traslada a Costa Rica por un a\u00f1o para aprender espa\u00f1ol. Luego se traslada a Colombia para realizar trabajo misionero cristiano.<\/li>\n<li><strong>1972.<\/strong> Entrega su vida al Se\u00f1or Jes\u00fas.<\/li>\n<li><strong>1977.<\/strong> Es bautizado.<\/li>\n<li><strong>1979.<\/strong> Termina la educaci\u00f3n secundaria en Colombia. Regresa a Londres, Inglaterra, para continuar sus estudios.<\/li>\n<li><strong>1984.<\/strong> Se grad\u00faa del Imperial College London, con un grado en Matem\u00e1ticas. <a href=\"http:\/\/www2.imperial.ac.uk\/mathematics\/\" target=\"_blank\" rel=\"noopener\">http:\/\/www2.imperial.ac.uk\/mathematics\/<\/a><\/li>\n<li><strong>1985.<\/strong> Completa un Master en Estad\u00edstica y comienza a trabajar en el \u00e1rea de estad\u00edsticas financieras en una entidad gubernamental. <a href=\"http:\/\/www.statistics.gov.uk\/\" target=\"_blank\" rel=\"noopener\">http:\/\/www.statistics.gov.uk\/<\/a><\/li>\n<li><strong>1987.<\/strong> Se casa con Johanna Lemkes, de Holanda.<\/li>\n<li><strong>1988.<\/strong> Se trasladan a Canad\u00e1 por 10 meses. Felipe recibe un Certificado en Estudios B\u00edblicos en el \u201cTyndale University College &amp; Seminary\u201d (conocido en ese entonces como \u00abOntario Theological Seminary\u00bb). <a href=\"http:\/\/www.tyndale.ca\" target=\"_blank\" rel=\"noopener\">http:\/\/www.tyndale.ca<\/a><\/li>\n<li><strong>1989.<\/strong> Felipe toma un empleo en Pron\u00f3sticos Econ\u00f3micos en la industria el\u00e9ctrica en Inglaterra &#8211; The National Grid Company. <a href=\"http:\/\/www.nationalgrid.com\" target=\"_blank\" rel=\"noopener\">http:\/\/www.nationalgrid.com<\/a><\/li>\n<li><strong>1990.<\/strong> Nace Vikki,\u00a0su primera hija.<\/li>\n<li><strong>1991. <\/strong> Nace Elsa, su segunda hija.<\/li>\n<li><strong>1992.<\/strong> Felipe renuncia a su empleo secular y comienzan su trabajo misionero de tiempo completo entre asambleas cristianas en Colombia. Se establecen en Pereira. <a href=\"http:\/\/en.wikipedia.org\/wiki\/Pereira,_Colombia\" target=\"_blank\" rel=\"noopener\">http:\/\/en.wikipedia.org\/wiki\/Pereira,_Colombia<\/a><\/li>\n<li><strong>1994.<\/strong> Nace su hijo Eduardo.<\/li>\n<li><strong>1998.<\/strong> Nace Julie, su cuarta hija.<\/li>\n<li><strong>2001.<\/strong> Regresan a Londres, Inglaterra, para un a\u00f1o s\u00e1batico. Felipe dedica alg\u00fan tiempo a estudios en el Spurgeon\u2019s College y a visitar asambleas, principalmente en Europa. <a href=\"http:\/\/www.spurgeons.ac.uk\" target=\"_blank\" rel=\"noopener\">http:\/\/www.spurgeons.ac.uk<\/a><\/li>\n<li><strong>2002.<\/strong> Regresan a Colombia. Esta vez se establecen en Armenia para ayudar a establecer una nueva asamblea en esta ciudad. <a href=\"http:\/\/en.wikipedia.org\/wiki\/Armenia,_Colombia\" target=\"_blank\" rel=\"noopener\">http:\/\/en.wikipedia.org\/wiki\/Armenia,_Colombia<\/a><\/li>\n<li><strong>2007.<\/strong> Se trasladan a Eindhoven, Holland.<\/li>\n<li><strong>2009.<\/strong> Johanna experimenta un \u00abburn-out\u00bb.<\/li>\n<li><strong>2010.<\/strong> Su hijo Eduardo es sometido a una delicada cirug\u00eda de coraz\u00f3n. Ver \u00ab<a href=\"http:\/\/philipnunn.com\/2010\/05\/10\/30-deep-waters\/\">Aguas Profundas<\/a>\u00ab.<\/li>\n<li><strong>2011.<\/strong> Su hija mayor, Vikki, contrae matrimonio con Esteban de Jager.<\/li>\n<li><strong>2012.<\/strong> Felipe inicia estudios a tiempo parcial para un Master en &#8216;Cristianismo y Sociedad&#8217; en la Tilburg University: <a href=\"http:\/\/www.tilburguniversity.edu\/education\/masters-programmes\/christianity-and-society\/\" target=\"_blank\" rel=\"noopener\">http:\/\/www.tilburguniversity.edu\/education\/masters-programmes\/christianity-and-society\/<\/a><\/li>\n<li><strong>2014.<\/strong> Felipe termina su Master. Su Tesis: <a href=\"http:\/\/philipnunn.com\/2014\/08\/church-and-gender-in-the-first-three-centuries\/\">Iglesia y G\u00e9nero en los Primeros Tres Siglos.<\/a><\/li>\n<li><strong>2017.<\/strong>\u00a0Su segunda hija, Elsa, contrae matrimonio con Roberto van Hardeveld.<\/li>\n<li><strong>2021.<\/strong> Su hijo, Eduardo, contrae matrimonio con Arinda vd Kolk.<\/li>\n<\/ul>","protected":false},"excerpt":{"rendered":"<p>Felipe (nacido en Inglaterra) y Johanna (nacida en Holanda) se trasladaron a Colombia en 1992. All\u00ed trabajaron como misioneros cristianos de tiempo completo hasta junio de 2007. El llamado que sintieron fue a ense\u00f1ar la Biblia, entrenar, discipular, aconsejar y promover la formaci\u00f3n de nuevas asambleas cristianas. Felipe y Johanna, junto con sus hijos, ahora hacen parte de una asamblea cristiana en Eindhoven, Holanda (ver http:\/\/www.debroneindhoven.nl). Sus experiencias en el pasado entre asambleas en Canad\u00e1, Inglaterra y Colombia, junto con las herramientas obtenidas en su trabajo con los Navegantes y los Gedeones en Londres, han ayudado a modelar su estilo [&hellip;]<\/p>\n","protected":false},"author":1,"featured_media":0,"parent":0,"menu_order":0,"comment_status":"closed","ping_status":"closed","template":"","meta":{"_acf_changed":false,"footnotes":""},"class_list":["post-114","page","type-page","status-publish","hentry"],"acf":[],"_links":{"self":[{"href":"https:\/\/philipnunn.com\/es\/wp-json\/wp\/v2\/pages\/114"}],"collection":[{"href":"https:\/\/philipnunn.com\/es\/wp-json\/wp\/v2\/pages"}],"about":[{"href":"https:\/\/philipnunn.com\/es\/wp-json\/wp\/v2\/types\/page"}],"author":[{"embeddable":true,"href":"https:\/\/philipnunn.com\/es\/wp-json\/wp\/v2\/users\/1"}],"replies":[{"embeddable":true,"href":"https:\/\/philipnunn.com\/es\/wp-json\/wp\/v2\/comments?post=114"}],"version-history":[{"count":12,"href":"https:\/\/philipnunn.com\/es\/wp-json\/wp\/v2\/pages\/114\/revisions"}],"predecessor-version":[{"id":20909,"href":"https:\/\/philipnunn.com\/es\/wp-json\/wp\/v2\/pages\/114\/revisions\/20909"}],"wp:attachment":[{"href":"https:\/\/philipnunn.com\/es\/wp-json\/wp\/v2\/media?parent=114"}],"curies":[{"name":"wp","href":"https:\/\/api.w.org\/{rel}","templated":true}]}}