{"id":93,"date":"2016-10-16T18:27:26","date_gmt":"2016-10-16T23:27:26","guid":{"rendered":"http:\/\/trejosmusica.com\/philipnunn.com\/?page_id=93"},"modified":"2017-08-25T10:45:13","modified_gmt":"2017-08-25T15:45:13","slug":"help-download-cut-paste","status":"publish","type":"page","link":"https:\/\/philipnunn.com\/de\/help-download-cut-paste\/","title":{"rendered":"Hilfe: Download, Ausschneiden &#038; Einf\u00fcgen"},"content":{"rendered":"<strong>Downloaden<\/strong><\/p>\n<p>Das gesamte schriftliche Material auf dieser Webseite wird in einem Format angeboten, das mit Adobe gelesen werden kann. Daf\u00fcr brauchen Sie den Adobe Reader. Wenn Sie diese Software nicht haben, k\u00f6nnen Sie unter folgendem Link eine kostenfreie Kopie dieses n\u00fctzlichen Programms auf Ihren Computer laden: <a href=\"http:\/\/www.adobe.com\">www.adobe.com<\/a><\/p>\n<p>Wenn Sie einen Artikel einmal auf Ihrem Bildschirm haben, k\u00f6nnen Sie den gesamten Inhalt (oder einen Teil davon) in Ihr eigenes Textverarbeitungsprogramm \u00fcbernehmen. Der Gebrauch des Adobe-Formats erlaubt es Ihnen, alles herauszunehmen, was Sie brauchen, ohne dass dabei das Originaldokument ver\u00e4ndert wird. Wenn Sie den Inhalt einmal \u00fcbernommen haben, k\u00f6nnen Sie ihn nach Belieben ver\u00e4ndern.<\/p>\n<p><strong>Kopieren<\/strong><\/p>\n<p>Sie betrachten im Moment einen Artikel im <strong>Adobe Reader<\/strong>. Klicken Sie auf AUSW\u00c4HLEN in der Men\u00fcleiste oberhalb des Beitrags. Dabei werden Sie sehen, dass sich der Cursor von einer kleinen Hand in eine vertikale Linie ver\u00e4ndert.<\/p>\n<p>Sie k\u00f6nnen jetzt den zu \u00fcbernehmenden Teil markieren. Indem Sie zun\u00e4chst auf BEARBEITEN, dann auf KOPIEREN klicken, k\u00f6nnen Sie den Inhalt in der Zwischenablage speichern.<\/p>\n<p>Wenn Sie alle Artikel oder e-Books \u00fcbernehmen m\u00f6chten, k\u00f6nnen Sie unter BEARBEITEN den gesamten Bereich ausw\u00e4hlen und kopieren.<\/p>\n<p><strong>Einf\u00fcgen<\/strong><\/p>\n<p>Schlie\u00dfen Sie den <strong>Adobe Reader<\/strong> und \u00f6ffnen Sie ein Dokument in Ihrem bevorzugten Textverarbeitungsprogramm (Word, Lotus, OpenOffice etc.). Platzieren Sie den Cursor an der Stelle im Dokument, wo Sie den Inhalt einf\u00fcgen m\u00f6chten. Klicken Sie dann auf BEARBEITEN und EINF\u00dcGEN. Das gew\u00fcnschte Material sollte dann in Ihrem Dokument erscheinen.","protected":false},"excerpt":{"rendered":"<p>Downloaden Das gesamte schriftliche Material auf dieser Webseite wird in einem Format angeboten, das mit Adobe gelesen werden kann. Daf\u00fcr brauchen Sie den Adobe Reader. Wenn Sie diese Software nicht haben, k\u00f6nnen Sie unter folgendem Link eine kostenfreie Kopie dieses n\u00fctzlichen Programms auf Ihren Computer laden: www.adobe.com Wenn Sie einen Artikel einmal auf Ihrem Bildschirm haben, k\u00f6nnen Sie den gesamten Inhalt (oder einen Teil davon) in Ihr eigenes Textverarbeitungsprogramm \u00fcbernehmen. Der Gebrauch des Adobe-Formats erlaubt es Ihnen, alles herauszunehmen, was Sie brauchen, ohne dass dabei das Originaldokument ver\u00e4ndert wird. Wenn Sie den Inhalt einmal \u00fcbernommen haben, k\u00f6nnen Sie ihn nach [&hellip;]<\/p>\n","protected":false},"author":1,"featured_media":0,"parent":0,"menu_order":0,"comment_status":"closed","ping_status":"closed","template":"","meta":{"_acf_changed":false,"footnotes":""},"class_list":["post-93","page","type-page","status-publish","hentry"],"acf":[],"_links":{"self":[{"href":"https:\/\/philipnunn.com\/de\/wp-json\/wp\/v2\/pages\/93"}],"collection":[{"href":"https:\/\/philipnunn.com\/de\/wp-json\/wp\/v2\/pages"}],"about":[{"href":"https:\/\/philipnunn.com\/de\/wp-json\/wp\/v2\/types\/page"}],"author":[{"embeddable":true,"href":"https:\/\/philipnunn.com\/de\/wp-json\/wp\/v2\/users\/1"}],"replies":[{"embeddable":true,"href":"https:\/\/philipnunn.com\/de\/wp-json\/wp\/v2\/comments?post=93"}],"version-history":[{"count":2,"href":"https:\/\/philipnunn.com\/de\/wp-json\/wp\/v2\/pages\/93\/revisions"}],"predecessor-version":[{"id":19262,"href":"https:\/\/philipnunn.com\/de\/wp-json\/wp\/v2\/pages\/93\/revisions\/19262"}],"wp:attachment":[{"href":"https:\/\/philipnunn.com\/de\/wp-json\/wp\/v2\/media?parent=93"}],"curies":[{"name":"wp","href":"https:\/\/api.w.org\/{rel}","templated":true}]}}