{"id":91,"date":"2016-10-16T18:26:56","date_gmt":"2016-10-16T23:26:56","guid":{"rendered":"http:\/\/trejosmusica.com\/philipnunn.com\/?page_id=91"},"modified":"2017-08-25T10:47:59","modified_gmt":"2017-08-25T15:47:59","slug":"links","status":"publish","type":"page","link":"https:\/\/philipnunn.com\/de\/links\/","title":{"rendered":"Links"},"content":{"rendered":"Hier folgen Adressen von Webseiten, Zeitschriften und Verlagen, die meines Wissens nach entweder Material aus dieser Webseite genutzt haben oder einen Link zu dieser Webseite anbieten. Einige Nutzer sind an dem Geschichtlichen interessiert. Die meisten w\u00e4hlen Material, um ihre christlichen Leser zu ermutigen und herauszufordern.<\/p>\n<p>Allein die Nutzung eines Inhalts dieser Seite (oder das Verlinken) durch Webseiten, Zeitschriften oder Verlage bedeutet nicht unbedingt, dass die Verantwortlichen sich mit allen Inhalten unserer Seite identifizieren. Andererseits bedeutet eine solche Kooperation auch nicht, dass ich zwangsl\u00e4ufig alle Inhalte dieser Quelle billige. Als christliche Botschafter suchen wir eine gemeinsame Basis auf der wir die Kinder Gottes ermutigen und herausfordern k\u00f6nnen. F\u00fcr die Inhalte ihrer Ver\u00f6ffentlichungen sind aber die Betreiber jeder Quelle selbst verantwortlich.<\/p>\n<p>Wenn wir lesen, nehmen wir das Gesunde auf und teilen das, was gut ist &#8211; den Rest sondern wir aus.<\/p>\n<p><strong>Deutschland<\/strong><\/p>\n<ul>\n<li>ZEIT &amp; SCHRIFT: <a href=\"http:\/\/www.zs-online.de\" target=\"_blank\">www.zs-online.de<\/a><\/li>\n<li>KOMM UND SIEH: <a href=\"http:\/\/www.daniel-verlag.de\" target=\"_blank\">www.daniel-verlag.de<\/a><\/li>\n<li>Br\u00fcderbewegung: <a href=\"http:\/\/www.bruederbewegung.de\" target=\"_blank\">www.bruederbewegung.de<\/a><\/li>\n<li>Predigten in verschiedenen Sprachen: <a href=\"http:\/\/www.sermon-online.de\" target=\"_blank\">www.sermon-online.de<\/a><\/li>\n<li>B\u00fccher und Artikel zum Bibelstudium: <a href=\"http:\/\/www.soundwords.de\" target=\"_blank\">www.soundwords.de<\/a><\/li>\n<li>Christliche Ressourcen: <a href=\"http:\/\/www.leben-und-glauben.de\" target=\"_blank\">www.leben-und-glauben.de<\/a><\/li>\n<li>Christeliche Verlagsgesellschaft: <a href=\"http:\/\/cv-dillenburg.de\/\">http:\/\/cv-dillenburg.de\/<\/a><\/li>\n<\/ul>\n<p><strong>Holland<\/strong><\/p>\n<ul>\n<li>FOCUS Bible study magazine: <a href=\"http:\/\/www.focusopdebijbel.org\" target=\"_blank\">www.focusopdebijbel.org<\/a><\/li>\n<li>Bible study website: <a href=\"http:\/\/www.openbijbel.nl\" target=\"_blank\">www.openbijbel.nl<\/a><\/li>\n<li>Bible study website: <a href=\"http:\/\/www.oudesporen.nl\/\" target=\"_blank\">http:\/\/www.oudesporen.nl\/<\/a><\/li>\n<li>Heart Cry publications: <a href=\"http:\/\/www.heartcry.nl\/\" target=\"_blank\">http:\/\/www.heartcry.nl\/<\/a><\/li>\n<li>Private informative website: <a href=\"http:\/\/www.vergadering.nu\" target=\"_blank\">www.vergadering.nu<\/a><\/li>\n<li>Private informative website:\u00a0<a href=\"http:\/\/www.vergaderingvamgelovigen.info\">www.vergaderingvamgelovigen.info<\/a><\/li>\n<li>Sichting Adullam: Africa-India: <a href=\"http:\/\/www.vvgbarneveld.nl\/wp\/?p=326\">http:\/\/www.vvgbarneveld.nl\/wp\/?p=326<\/a><\/li>\n<li>Home church: <a href=\"http:\/\/www.debroneindhoven.nl\/\">http:\/\/www.debroneindhoven.nl\/<\/a><\/li>\n<\/ul>\n<p><strong>France<\/strong><\/p>\n<ul>\n<li>Christian Assemblies in France &#8211; Information: <a href=\"http:\/\/fileo.info\/\" target=\"_blank\">http:\/\/fileo.info\/<\/a><\/li>\n<li>VOIX DANS LE DESERT Periodique: 19 av. Mazet, F-46500 Gramat, France<\/li>\n<li>CLC France: <a href=\"http:\/\/www.clcfrance.com\/\">http:\/\/www.clcfrance.com\/<\/a><\/li>\n<\/ul>\n<p><strong>Togo<\/strong><\/p>\n<ul>\n<li>L\u2019Association Or Vert<\/li>\n<\/ul>\n<p><strong>Switzerland<\/strong><\/p>\n<ul>\n<li>PROMESSES Magazine: <a href=\"http:\/\/www.promesses.org\" target=\"_blank\">www.promesses.org<\/a><\/li>\n<li>ECHANGES Magazine: <a href=\"http:\/\/www.croire.org\" target=\"_blank\">www.croire.org<\/a><\/li>\n<li>Centres Bibliques: <a href=\"http:\/\/www.centrebiblique.org\/\">http:\/\/www.centrebiblique.org\/<\/a><\/li>\n<\/ul>\n<p><strong>Italy<\/strong><\/p>\n<ul>\n<li>CLC Italy: <a href=\"https:\/\/clcitaly.com\/\">https:\/\/clcitaly.com\/<\/a><\/li>\n<\/ul>\n<p><strong>USA<\/strong><\/p>\n<ul>\n<li>GRACE &amp; TRUTH Magazine: <a href=\"http:\/\/www.gtpress.org\" target=\"_blank\">www.gtpress.org<\/a><\/li>\n<li>ECS Ministries &#8211; Emmaus Correspondence Bible Courses: <a href=\"http:\/\/www.ecsministries.org\" target=\"_blank\">www.ecsministries.org<\/a><\/li>\n<li>OVERCOMER PRESS, Inc.: P.O. Box 248, Owosso, Michigan, 48867, USA.<\/li>\n<li>Christian Resource Website: <a href=\"http:\/\/www.bible-equip.com\" target=\"_blank\">www.bible-equip.com<\/a><\/li>\n<\/ul>\n<p><strong>Canada<\/strong><\/p>\n<ul>\n<li>Global Opportunities &#8211; a resource site to encourage Tentmakers: <a href=\"http:\/\/www.globalopps.org\" target=\"_blank\">www.globalopps.org<\/a><\/li>\n<\/ul>\n<p><strong>UK<\/strong><\/p>\n<ul>\n<li>SCRIPTURE TRUTH Magazine: <a href=\"http:\/\/www.scripturetruth.co.uk\" target=\"_blank\">www.scripturetruth.co.uk<\/a><\/li>\n<li>JRUL Special Collection. Manchester University Library (Probably the world\u2019s largest archive on the \u201cThe Christian Brethren\u201d): <a href=\"http:\/\/www.rylibweb.man.ac.uk\/data2\/spcoll\/cba\/links.html\" target=\"_blank\">www.rylibweb.man.ac.uk\/data2\/spcoll\/cba\/links.html<\/a><\/li>\n<\/ul>\n<p><strong>Colombia<\/strong><\/p>\n<ul>\n<li>EDICIONES MANANTIAL Publisher. Calle 19 No. 20-48, Armenia, Colombia, South America.<\/li>\n<li>Impresiones KAIROS. Av. Calle 68 # 65-10, Bogot\u00e1 DC. Cundinamarca.<\/li>\n<\/ul>\n<p><strong>Per\u00fa<\/strong><\/p>\n<ul>\n<li>Publicaciones Iglesia Cristiana, Puerto Libre, Lima<\/li>\n<\/ul>\n<p><strong>India<\/strong><\/p>\n<ul>\n<li>HARVEST TIMES FOR YOUR FAMILY Magazine. Published by Gospel Literature Service, Udyog Bhavan, 250 D, Worli Colony, Mumbai 400 030, India. <a href=\"http:\/\/www.glsindia.com\" target=\"_blank\">www.glsindia.com<\/a><\/li>\n<li>BIBLE TEACHING FOR CONFIDENT LIVING Magazine. A ministry of Back to the Bible. Dharani Printers, 6-2-985, Yousuf Building, Hyderabad &#8211; 500 004, India.<\/li>\n<\/ul>\n<p><strong>Norway<\/strong><\/p>\n<ul>\n<li>Lys p\u00e5 vegen (LIGHT ON THE WAY Magazine). Postboks 110, NO 4296 \u00c5krehamn, Norway. Tel. +47 52828430. E-mail: post@lys.cx. Website: <a href=\"http:\/\/www.lys.cx\" target=\"_blank\">www.lys.cx<\/a><\/li>\n<\/ul>\n<p><strong>Sweden<\/strong><\/p>\n<ul>\n<li>Timoteus F\u00f6rlag AD. Halnatorps Egendom 3, 545 93 T\u00f6reboda. <a href=\"http:\/\/timoteus-forlag.se\/\">http:\/\/timoteus-forlag.se\/<\/a><\/li>\n<\/ul>","protected":false},"excerpt":{"rendered":"<p>Hier folgen Adressen von Webseiten, Zeitschriften und Verlagen, die meines Wissens nach entweder Material aus dieser Webseite genutzt haben oder einen Link zu dieser Webseite anbieten. Einige Nutzer sind an dem Geschichtlichen interessiert. Die meisten w\u00e4hlen Material, um ihre christlichen Leser zu ermutigen und herauszufordern. Allein die Nutzung eines Inhalts dieser Seite (oder das Verlinken) durch Webseiten, Zeitschriften oder Verlage bedeutet nicht unbedingt, dass die Verantwortlichen sich mit allen Inhalten unserer Seite identifizieren. Andererseits bedeutet eine solche Kooperation auch nicht, dass ich zwangsl\u00e4ufig alle Inhalte dieser Quelle billige. Als christliche Botschafter suchen wir eine gemeinsame Basis auf der wir die [&hellip;]<\/p>\n","protected":false},"author":1,"featured_media":0,"parent":0,"menu_order":0,"comment_status":"closed","ping_status":"closed","template":"","meta":{"_acf_changed":false,"footnotes":""},"class_list":["post-91","page","type-page","status-publish","hentry"],"acf":[],"_links":{"self":[{"href":"https:\/\/philipnunn.com\/de\/wp-json\/wp\/v2\/pages\/91"}],"collection":[{"href":"https:\/\/philipnunn.com\/de\/wp-json\/wp\/v2\/pages"}],"about":[{"href":"https:\/\/philipnunn.com\/de\/wp-json\/wp\/v2\/types\/page"}],"author":[{"embeddable":true,"href":"https:\/\/philipnunn.com\/de\/wp-json\/wp\/v2\/users\/1"}],"replies":[{"embeddable":true,"href":"https:\/\/philipnunn.com\/de\/wp-json\/wp\/v2\/comments?post=91"}],"version-history":[{"count":2,"href":"https:\/\/philipnunn.com\/de\/wp-json\/wp\/v2\/pages\/91\/revisions"}],"predecessor-version":[{"id":19263,"href":"https:\/\/philipnunn.com\/de\/wp-json\/wp\/v2\/pages\/91\/revisions\/19263"}],"wp:attachment":[{"href":"https:\/\/philipnunn.com\/de\/wp-json\/wp\/v2\/media?parent=91"}],"curies":[{"name":"wp","href":"https:\/\/api.w.org\/{rel}","templated":true}]}}