{"id":87,"date":"2016-10-16T18:26:10","date_gmt":"2016-10-16T23:26:10","guid":{"rendered":"http:\/\/trejosmusica.com\/philipnunn.com\/?page_id=87"},"modified":"2017-08-25T10:53:57","modified_gmt":"2017-08-25T15:53:57","slug":"publishing-policy","status":"publish","type":"page","link":"https:\/\/philipnunn.com\/de\/publishing-policy\/","title":{"rendered":"Grunds\u00e4tze zur Ver\u00f6ffentlichung"},"content":{"rendered":"Das bedienerfreundliche Format der Artikel und eBooks erlaubt es Ihnen, passende Stellen per \u201ecopy &amp; paste\u201c zu \u00fcbernehmen und das Layout nach Ihren W\u00fcnschen anzupassen. Da es unser Ziel ist, so viele Christen wie m\u00f6glich zu ermutigen und herauszufordern, kann der gesamte Inhalt dieser Seite frei verwendet werden.<\/p>\n<p>Inhaber von Webseiten, Herausgeber von Zeitschriften sowie Verlage k\u00f6nnen gerne von den Artikeln und eBooks Gebrauch machen. Wie \u00fcblich sollte der Name des Autors genannt werden.<\/p>\n<p>Um Lesern die M\u00f6glichkeit zu geben, von den weiteren Artikeln unserer Seite zu profitieren, w\u00e4ren wir dankbar, wenn bei der Quellenangabe beispielsweise folgendes erw\u00e4hnt w\u00fcrde:<\/p>\n<p style=\"text-align: center;\"><strong>Quelle: www.philipnunn.com<\/strong><\/p>\n<p>Wenn Sie dies aus bestimmten Gr\u00fcnden nicht m\u00f6chten, k\u00f6nnen Sie unsere Texte auch ohne Quellenangabe nutzen. Sie haben meine Einwilligung!<\/p>\n<p>Wenn eine Zeitschrift eine \u00dcbersetzung eines unserer Beitr\u00e4ge vornimmt, kann sie von einem 90-t\u00e4gigen Exklusivrecht zur Ver\u00f6ffentlichung Gebrauch machen. 90 Tage nach der exklusiven Ver\u00f6ffentlichung sollte der Beitrag zur freien Ver\u00f6ffentlichung auf unserer Website freigegeben werden.<\/p>\n<p>Wenn Sie einen oder mehrere unserer Inhalte verwenden, w\u00fcrden wir es sehr begr\u00fc\u00dfen von Ihnen zu h\u00f6ren. Dies ist keine Verpflichtung &#8211; es ermutigt uns aber unsere Arbeit fortzusetzen. Wir w\u00fcrden uns freuen, die Details Ihrer Webseite, Zeitschrift, Verlags oder Radiosenders unter unseren Links aufzuf\u00fchren.<\/p>\n<p><strong>Beobachtung:<\/strong> Die Tatsache, da\u00df Sie Inhalte dieser Seite nutzen und wiedergeben, bedeutet nicht, dass Sie sich mit den kompletten Inhalten dieser Seite einverstanden erkl\u00e4ren. Andererseits bedeutet das Wiedergeben von Inhalten dieser Webseite durch andere Webseiten, Zeitschriften oder Verlage nicht, dass ich alle Inhalte jener Webseiten, Zeitschriften und Verlage unterst\u00fctze. Als christliche Botschafter suchen wir eine gemeinsame Basis auf der wir die Kinder Gottes ermutigen und herausfordern k\u00f6nnen. F\u00fcr die Inhalte ihrer Ver\u00f6ffentlichungen sind aber die Betreiber jeder Quelle pers\u00f6nlich Gott Rechenschaft schuldig.<\/p>\n<p>M\u00f6ge der Herr uns zu einem Segen f\u00fcr m\u00f6glichst viele Personen werden lassen, indem wir herausfordernde Samen aus dem Wort Gottes so weit wie m\u00f6glich verteilen.<\/p>\n<p style=\"text-align: center;\"><em>\u201cSo ist also weder der etwas, welcher pflanzt, noch der,<\/em><br \/>\n<em> welcher begiesst, sondern Gott, der das Gedeihen gibt.<\/em><br \/>\n<em> Der aber, welcher pflanzt, und der, welcher begiesst, sind eins;<\/em><br \/>\n<em> jeder aber wird seinen eigenen Lohn empfangen entsprechend seiner eigenen Arbeit\u201d<\/em><br \/>\n<strong>1. Korinther 3. 7-8<\/strong><\/p>","protected":false},"excerpt":{"rendered":"<p>Das bedienerfreundliche Format der Artikel und eBooks erlaubt es Ihnen, passende Stellen per \u201ecopy &amp; paste\u201c zu \u00fcbernehmen und das Layout nach Ihren W\u00fcnschen anzupassen. Da es unser Ziel ist, so viele Christen wie m\u00f6glich zu ermutigen und herauszufordern, kann der gesamte Inhalt dieser Seite frei verwendet werden. Inhaber von Webseiten, Herausgeber von Zeitschriften sowie Verlage k\u00f6nnen gerne von den Artikeln und eBooks Gebrauch machen. Wie \u00fcblich sollte der Name des Autors genannt werden. Um Lesern die M\u00f6glichkeit zu geben, von den weiteren Artikeln unserer Seite zu profitieren, w\u00e4ren wir dankbar, wenn bei der Quellenangabe beispielsweise folgendes erw\u00e4hnt w\u00fcrde: Quelle: [&hellip;]<\/p>\n","protected":false},"author":1,"featured_media":0,"parent":0,"menu_order":0,"comment_status":"closed","ping_status":"closed","template":"","meta":{"_acf_changed":false,"footnotes":""},"class_list":["post-87","page","type-page","status-publish","hentry"],"acf":[],"_links":{"self":[{"href":"https:\/\/philipnunn.com\/de\/wp-json\/wp\/v2\/pages\/87"}],"collection":[{"href":"https:\/\/philipnunn.com\/de\/wp-json\/wp\/v2\/pages"}],"about":[{"href":"https:\/\/philipnunn.com\/de\/wp-json\/wp\/v2\/types\/page"}],"author":[{"embeddable":true,"href":"https:\/\/philipnunn.com\/de\/wp-json\/wp\/v2\/users\/1"}],"replies":[{"embeddable":true,"href":"https:\/\/philipnunn.com\/de\/wp-json\/wp\/v2\/comments?post=87"}],"version-history":[{"count":2,"href":"https:\/\/philipnunn.com\/de\/wp-json\/wp\/v2\/pages\/87\/revisions"}],"predecessor-version":[{"id":19265,"href":"https:\/\/philipnunn.com\/de\/wp-json\/wp\/v2\/pages\/87\/revisions\/19265"}],"wp:attachment":[{"href":"https:\/\/philipnunn.com\/de\/wp-json\/wp\/v2\/media?parent=87"}],"curies":[{"name":"wp","href":"https:\/\/api.w.org\/{rel}","templated":true}]}}