{"id":85,"date":"2016-10-16T18:25:50","date_gmt":"2016-10-16T23:25:50","guid":{"rendered":"http:\/\/trejosmusica.com\/philipnunn.com\/?page_id=85"},"modified":"2017-08-25T10:34:58","modified_gmt":"2017-08-25T15:34:58","slug":"can-you-translate","status":"publish","type":"page","link":"https:\/\/philipnunn.com\/de\/can-you-translate\/","title":{"rendered":"K\u00f6nnen Sie \u00fcbersetzen?"},"content":{"rendered":"Schreiben erfordert Zeit und M\u00fche. Aber wenn ein Artikel erst einmal geschrieben ist, kann der Herr es benutzen, um viele Christen zu ermutigen und herauszufordern &#8211; in der ganzen Welt, heute und in der Zukunft.<\/p>\n<p>Auch das \u00dcbersetzen ist eine schwierige Arbeit. Aber was einmal sorgf\u00e4ltig \u00fcbersetzt ist, bleibt \u00fcbersetzt! Der Herr kann es nun verwenden, um Christen auf der ganze Welt zu ermutigen und herauszufordern. Wenn Sie ein zweisprachiger Christ sind und von einem Inhalt dieser Seite profitiert haben, darf ich Sie ermutigen, \u00fcber die M\u00f6glichkeit nachzudenken, ein \u00dcbersetzer zu werden &#8211; ein Partner in diesem Projekt?<\/p>\n<p>Sie sind ein Bruder oder eine Schwester, jung oder alt. Willkommen! Sie m\u00f6chten nur ein Artikel \u00fcbersetzen. Fantastisch! Sie m\u00f6chten zusammen mit 2 oder 3 Freunden \u00fcbersetzen. Wunderbar! Sie k\u00f6nnen jede der existierenden Sprachen als Basis verwenden. Wenn Sie sp\u00fcren, dass der Herr Sie ruft, mitzuhelfen, setzen Sie sich mit uns in Verbindung. Am liebsten ist es uns, wenn Sie in ihre Muttersprache \u00fcbersetzen, weil wir normalerweise am besten in unsere eigene Sprache \u00fcbersetzen.<\/p>\n<p>Im Moment suchen wir vor allem folgende \u00dcbersetzer:<\/p>\n<p>Aus dem ENGLISCHEN ins HOLL\u00c4NDISCHE und SPANISCHE<\/p>\n<p>Aus dem ENGLISCHEN oder FRANZ\u00d6SISCHEN ins ITALIENISCHE<\/p>\n<p>&#8230;und ins NORWEGISCHE, PORTUGIESISCHE, GRIECHISCHE, CHINESISCHE&#8230;usw.<\/p>\n<p>Bevor Sie anfangen zu \u00fcbersetzen, <a href=\"http:\/\/philipnunn.com\/contact-the-author\/\">setzen Sie sich bitte mit uns in Verbindung<\/a>. Vielleicht hat schon jemand angefangen, gerade diesen Artikel zu \u00fcbersetzen.","protected":false},"excerpt":{"rendered":"<p>Schreiben erfordert Zeit und M\u00fche. Aber wenn ein Artikel erst einmal geschrieben ist, kann der Herr es benutzen, um viele Christen zu ermutigen und herauszufordern &#8211; in der ganzen Welt, heute und in der Zukunft. Auch das \u00dcbersetzen ist eine schwierige Arbeit. Aber was einmal sorgf\u00e4ltig \u00fcbersetzt ist, bleibt \u00fcbersetzt! Der Herr kann es nun verwenden, um Christen auf der ganze Welt zu ermutigen und herauszufordern. Wenn Sie ein zweisprachiger Christ sind und von einem Inhalt dieser Seite profitiert haben, darf ich Sie ermutigen, \u00fcber die M\u00f6glichkeit nachzudenken, ein \u00dcbersetzer zu werden &#8211; ein Partner in diesem Projekt? Sie sind [&hellip;]<\/p>\n","protected":false},"author":1,"featured_media":335,"parent":0,"menu_order":0,"comment_status":"closed","ping_status":"closed","template":"","meta":{"_acf_changed":false,"footnotes":""},"class_list":["post-85","page","type-page","status-publish","has-post-thumbnail","hentry"],"acf":[],"_links":{"self":[{"href":"https:\/\/philipnunn.com\/de\/wp-json\/wp\/v2\/pages\/85"}],"collection":[{"href":"https:\/\/philipnunn.com\/de\/wp-json\/wp\/v2\/pages"}],"about":[{"href":"https:\/\/philipnunn.com\/de\/wp-json\/wp\/v2\/types\/page"}],"author":[{"embeddable":true,"href":"https:\/\/philipnunn.com\/de\/wp-json\/wp\/v2\/users\/1"}],"replies":[{"embeddable":true,"href":"https:\/\/philipnunn.com\/de\/wp-json\/wp\/v2\/comments?post=85"}],"version-history":[{"count":2,"href":"https:\/\/philipnunn.com\/de\/wp-json\/wp\/v2\/pages\/85\/revisions"}],"predecessor-version":[{"id":19258,"href":"https:\/\/philipnunn.com\/de\/wp-json\/wp\/v2\/pages\/85\/revisions\/19258"}],"wp:featuredmedia":[{"embeddable":true,"href":"https:\/\/philipnunn.com\/de\/wp-json\/wp\/v2\/media\/335"}],"wp:attachment":[{"href":"https:\/\/philipnunn.com\/de\/wp-json\/wp\/v2\/media?parent=85"}],"curies":[{"name":"wp","href":"https:\/\/api.w.org\/{rel}","templated":true}]}}