{"id":83,"date":"2016-10-16T17:56:28","date_gmt":"2016-10-16T22:56:28","guid":{"rendered":"http:\/\/trejosmusica.com\/philipnunn.com\/?page_id=83"},"modified":"2017-08-25T10:49:45","modified_gmt":"2017-08-25T15:49:45","slug":"mission-vision","status":"publish","type":"page","link":"https:\/\/philipnunn.com\/de\/mission-vision\/","title":{"rendered":"Mission &#038; Vision"},"content":{"rendered":"<strong>Mission:<\/strong><\/p>\n<p>Hinter dieser Homepage steht der Traum, auf eine freie, flexible und einfach zug\u00e4ngliche Weise biblisch orientiertes, zum Nachdenken anregendes und herausforderndes Material so vielen Christen wie m\u00f6glich zur Verf\u00fcgung zu stellen.<\/p>\n<p><strong>Vision:<\/strong><\/p>\n<p>W\u00e4hrend neue Artikel und eBooks geschrieben und von zweisprachigen Christen auf der ganzen Welt \u00fcbersetzt werden, hoffen wir, dass diese Webseite zum Segen f\u00fcr eine wachsende Anzahl von Br\u00fcdern und Schwester auf der ganzen Welt sein wird.","protected":false},"excerpt":{"rendered":"<p>Mission: Hinter dieser Homepage steht der Traum, auf eine freie, flexible und einfach zug\u00e4ngliche Weise biblisch orientiertes, zum Nachdenken anregendes und herausforderndes Material so vielen Christen wie m\u00f6glich zur Verf\u00fcgung zu stellen. Vision: W\u00e4hrend neue Artikel und eBooks geschrieben und von zweisprachigen Christen auf der ganzen Welt \u00fcbersetzt werden, hoffen wir, dass diese Webseite zum Segen f\u00fcr eine wachsende Anzahl von Br\u00fcdern und Schwester auf der ganzen Welt sein wird.<\/p>\n","protected":false},"author":1,"featured_media":0,"parent":0,"menu_order":0,"comment_status":"closed","ping_status":"closed","template":"","meta":{"_acf_changed":false,"footnotes":""},"class_list":["post-83","page","type-page","status-publish","hentry"],"acf":[],"_links":{"self":[{"href":"https:\/\/philipnunn.com\/de\/wp-json\/wp\/v2\/pages\/83"}],"collection":[{"href":"https:\/\/philipnunn.com\/de\/wp-json\/wp\/v2\/pages"}],"about":[{"href":"https:\/\/philipnunn.com\/de\/wp-json\/wp\/v2\/types\/page"}],"author":[{"embeddable":true,"href":"https:\/\/philipnunn.com\/de\/wp-json\/wp\/v2\/users\/1"}],"replies":[{"embeddable":true,"href":"https:\/\/philipnunn.com\/de\/wp-json\/wp\/v2\/comments?post=83"}],"version-history":[{"count":2,"href":"https:\/\/philipnunn.com\/de\/wp-json\/wp\/v2\/pages\/83\/revisions"}],"predecessor-version":[{"id":19264,"href":"https:\/\/philipnunn.com\/de\/wp-json\/wp\/v2\/pages\/83\/revisions\/19264"}],"wp:attachment":[{"href":"https:\/\/philipnunn.com\/de\/wp-json\/wp\/v2\/media?parent=83"}],"curies":[{"name":"wp","href":"https:\/\/api.w.org\/{rel}","templated":true}]}}