{"id":28,"date":"2016-10-16T16:46:20","date_gmt":"2016-10-16T21:46:20","guid":{"rendered":"http:\/\/trejosmusica.com\/philipnunn.com\/?page_id=28"},"modified":"2017-08-25T10:40:10","modified_gmt":"2017-08-25T15:40:10","slug":"guestbook","status":"publish","type":"page","link":"https:\/\/philipnunn.com\/de\/guestbook\/","title":{"rendered":"G\u00e4stebuch"},"content":{"rendered":"Dieses G\u00e4stebuch bietet Ihnen die M\u00f6glichkeit, einen Gedanken mit anderen Lesern der Seite zu teilen. Sind Sie herausgefordert worden? M\u00f6chten Sie mit anderen teilen, was Sie ermutigt hat? Fehlt etwas? Ihre Beobachtungen und Vorschl\u00e4ge, Zustimmung und Missbilligung sind willkommen. Sie d\u00fcrfen auf jeder Sprache schreiben.<\/p>\n<p><em>\u201cKein schlechtes Wort soll aus eurer Tastatur kommen, sondern das, was gut ist zur Erbauung, damit es den Lesern Gnade bringe.\u201d<br \/>\n<strong>Epheser 4.29 &#8211; Bearbeitet<\/strong><\/em>","protected":false},"excerpt":{"rendered":"<p>Dieses G\u00e4stebuch bietet Ihnen die M\u00f6glichkeit, einen Gedanken mit anderen Lesern der Seite zu teilen. Sind Sie herausgefordert worden? M\u00f6chten Sie mit anderen teilen, was Sie ermutigt hat? Fehlt etwas? Ihre Beobachtungen und Vorschl\u00e4ge, Zustimmung und Missbilligung sind willkommen. Sie d\u00fcrfen auf jeder Sprache schreiben. \u201cKein schlechtes Wort soll aus eurer Tastatur kommen, sondern das, was gut ist zur Erbauung, damit es den Lesern Gnade bringe.\u201d Epheser 4.29 &#8211; Bearbeitet<\/p>\n","protected":false},"author":1,"featured_media":0,"parent":0,"menu_order":0,"comment_status":"open","ping_status":"closed","template":"","meta":{"_acf_changed":false,"footnotes":""},"class_list":["post-28","page","type-page","status-publish","hentry"],"acf":[],"_links":{"self":[{"href":"https:\/\/philipnunn.com\/de\/wp-json\/wp\/v2\/pages\/28"}],"collection":[{"href":"https:\/\/philipnunn.com\/de\/wp-json\/wp\/v2\/pages"}],"about":[{"href":"https:\/\/philipnunn.com\/de\/wp-json\/wp\/v2\/types\/page"}],"author":[{"embeddable":true,"href":"https:\/\/philipnunn.com\/de\/wp-json\/wp\/v2\/users\/1"}],"replies":[{"embeddable":true,"href":"https:\/\/philipnunn.com\/de\/wp-json\/wp\/v2\/comments?post=28"}],"version-history":[{"count":2,"href":"https:\/\/philipnunn.com\/de\/wp-json\/wp\/v2\/pages\/28\/revisions"}],"predecessor-version":[{"id":19261,"href":"https:\/\/philipnunn.com\/de\/wp-json\/wp\/v2\/pages\/28\/revisions\/19261"}],"wp:attachment":[{"href":"https:\/\/philipnunn.com\/de\/wp-json\/wp\/v2\/media?parent=28"}],"curies":[{"name":"wp","href":"https:\/\/api.w.org\/{rel}","templated":true}]}}