{"id":116,"date":"2016-10-16T18:33:47","date_gmt":"2016-10-16T23:33:47","guid":{"rendered":"http:\/\/trejosmusica.com\/philipnunn.com\/?page_id=116"},"modified":"2017-08-25T17:47:36","modified_gmt":"2017-08-25T22:47:36","slug":"brief-doctrinal-statement","status":"publish","type":"page","link":"https:\/\/philipnunn.com\/de\/brief-doctrinal-statement\/","title":{"rendered":"Kurze lehrm\u00e4\u00dfige Stellungnahme"},"content":{"rendered":"Je mehr wir Gottes Wort studieren und je mehr wir neue Herausforderungen in unserem Leben und geistlichen Dienst annehmen, desto mehr Licht und Verst\u00e4ndnis wird uns der Heilige Geist f\u00fcr die Schrift geben. Gottes Wahrheit ist absolut. Sie zu verstehen erfordert allerdings harte Arbeit sowie die Bereitschaft, durch den Heiligen Geist gef\u00fchrt zu werden. Solange wir leben, sollten wir dem\u00fctige Lernende sein, die erkennen, dass ihr Verst\u00e4ndnis von Gottes Gedanken und Wegen begrenzt ist. Nicht alles passt in sch\u00f6ne, kleine Schubladen, wenn es um Lehrm\u00e4\u00dfigkeiten geht! Der Herr hat es sich so ausgedacht, es denjenigen Gl\u00e4ubigen, die die Bequemlichkeit einer allumfassenden systematischen Theologie bevorzugen, schwer zu machen! Das bewirkt, dass wir &#8211; bis wir das ewige Vaterhaus erreichen &#8211; dazu gezwungen sind, uns auf den Heiligen Geist zu st\u00fctzen, um die Schriften zu verstehen und anzuwenden.<\/p>\n<p>Die Tatsache jedoch, dass Gott es sich so ausgedacht hat, seine Gedanken in schriftlicher Form zu offenbaren &#8211; mit Verben, Nomen, sprachlichen Bildern und unter Anwendung normaler Grammatikregeln &#8211; stellt sicher, dass die Offenbarung seiner Gedanken nichts Subjektives wird.<\/p>\n<p>Mit der Zeit werden biblische Lehren deutlicher f\u00fcr uns. Wir vergleichen sie mit dem Rest der Schrift. Wir werden v\u00f6llig \u00fcberzeugt. Wir handeln nach diesen \u00dcberzeugungen. Wir ruhen uns auf ihnen aus.<\/p>\n<p style=\"text-align: center;\">\u201cDu aber bleibe in dem, was du gelernt hast<br \/>\nund wovon du \u00fcberzeugt bist&#8230;,<br \/>\nweil du von Kind auf die heiligen Schriften kennst,<br \/>\ndie Kraft haben, dich weise zu machen zur Rettung<br \/>\ndurch den Glauben, der in Christus Jesus ist.<br \/>\nAlle Schrift ist von Gott eingegeben und n\u00fctzlich zur Lehre&#8230;,<br \/>\ndamit der Mensch Gottes richtig sei,<br \/>\nf\u00fcr jedes gute Werk ausger\u00fcstet.\u201d<br \/>\n<strong>&#8211; 2. Timotheus 3, 14-17 (rev. Elberfelder 2000)<\/strong><\/p>\n<p>Es folgt eine kurze lehrm\u00e4\u00dfige Stellungnahme. Wenn Sie mich nach einer allumfassenden fragen, muss ich Sie auf Ihre eigene Bibel verweisen. Diese Stellungnahme wird hier f\u00fcr diejenigen gegeben, die unbefangen fragen: \u201cWoher kommt dieser Autor?\u201d, und: \u201cIst er in Ordnung?\u201d Wir alle w\u00fcnschen uns, ernsthaft unangenehme \u00dcberraschungen zu vermeiden!<\/p>\n<p>Das ist Teil meiner \u00dcberzeugungen. Ich glaube&#8230;<\/p>\n<h2>Gott<\/h2>\n<p>Es gibt nur einen wahren, ewigen, allm\u00e4chtigen Gott. Die Natur Gottes wird uns in der Bibel offenbart: Der Vater ist Gott; der Sohn (Jesus Christus) ist Gott und ist vom Vater zu unterscheiden; der Heilige Geist ist Gott, er ist eine Person, und er ist vom Vater und vom Sohn zu unterscheiden. Das steht mit folgender Tatsache in Einklang: \u201cDer HERR, unser Gott, der HERR ist einer.\u201d Einige geistliche Realit\u00e4ten lassen sich nur schwer mit der von der materiellen Welt entwickelten Sprache angemessen ausdr\u00fccken. Die Beschreibungen einiger Realit\u00e4ten, wie etwa die Natur Gottes, erscheinen uns widerspr\u00fcchlich. Ich behaupte nicht, alles zu verstehen, aber ich akzeptiere frei durch den Glauben Gottes Offenbarung seiner selbst.<\/p>\n<hr\/>\n<h2>Der Mensch<\/h2>\n<p>Mann und Frau wurden von Gott in seinem Bild geschaffen. Jeder  Mensch ist gleich wertvoll f\u00fcr Gott und wird innig von ihm geliebt. Das Leben ist heilig. Der Mensch wurde perfekt geschaffen &#8211; ohne S\u00fcnde.<\/p>\n<hr\/>\n<h2>S\u00fcnde<\/h2>\n<p>S\u00fcnde ist alles, was nicht mit Gottes Willen in Einklang steht. Es ist ein Fehler, nicht das zu erf\u00fcllen, was Gott von uns erwartet &#8211; in Gedanken, in Worten, in Handlungen und im Sein. Seitdem S\u00fcnde in die Welt gekommen ist, werden wir mit einer Neigung zur S\u00fcnde geboren. Jeder Teil von uns wird zur S\u00fcnde versucht. Wenn nicht Gott die Initiative ergreift, sind wir verloren.<\/p>\n<hr\/>\n<h2>Jesus Christus<\/h2>\n<p>Jesus Christus ist Gott in menschlicher Gestalt &#8211; wahrer Mensch und wahrer Gott. Er muss als Gott verehrt werden. Er wurde durch den Heiligen Geist in dem Mutterleib der Jungfrau Maria empfangen. Er lebte ein s\u00fcndloses Leben und wurde gekreuzigt und war wirklich tot. Dadurch hat er die Strafe f\u00fcr unsere S\u00fcnde an seinem Leib ans Kreuz getragen. Der Vater hat ihn nach drei Tagen auferweckt, und jetzt lebt er und verwendet sich f\u00fcr uns.<\/p>\n<hr\/>\n<h2>Erl\u00f6sung<\/h2>\n<p>Jesus Christus ist der einzige Erretter. Er starb am Kreuz f\u00fcr die ganze Welt. Diejenigen, die Bu\u00dfe tun und ihm ihr Leben anvertrauen (das bedeutet, glauben), erhalten den Gewinn seines Todes &#8211; ewige Erl\u00f6sung. Sobald ein S\u00fcnder errettet wurde, wird er nie wieder verurteilt werden. Wir k\u00f6nnen nichts tun, um dieses Geschenk der Erl\u00f6sung zu verdienen oder zu erhalten. Es ist ein freies Geschenk. Der rettende Glaube ver\u00e4ndert die Art, wie wir leben &#8211; es wird Fr\u00fcchte geben. Da Jesus sagt, dass er \u201cder Weg\u201d ist, und: \u201cNiemand kommt zum Vater als nur durch mich\u201d (Johannes 14, 6), sind diejenigen, die ihn ablehnen, verloren. Ewige Strafe erwartet sie.<\/p>\n<hr\/>\n<h2>Der Heilige Geist<\/h2>\n<p>In der ganzen Schrift zeigt der Heilige Geist sowohl die Charakteristik, g\u00f6ttlich zu sein als auch die, eine Person zu sein. Er ist die besondere Person in der Dreieinigkeit, durch die Gott in uns arbeitet. Der Heilige Geist \u00fcberf\u00fchrt uns von S\u00fcnde, stellt den Glaubenden wieder her und leitet ihn. Eine Person empf\u00e4ngt den Heiligen Geist, wenn sie von Neuem geboren wird. Von da an hat jeder Christ die Verantwortung, mit dem Heiligen Geist erf\u00fcllt zu sein und sich seiner F\u00fchrung unterzuordnen.<\/p>\n<hr\/>\n<h2>Die Bibel<\/h2>\n<p>Die ganze Bibel (nicht die Apokryphen) ist das inspirierte Wort Gottes. Sie ist die einzige Grundlage f\u00fcr Autorit\u00e4t in allen Angelegenheiten bez\u00fcglich des christlichen Glaubens und der christlichen Praxis. Sie sollte mit den normalen Regeln der Grammatik gelesen und studiert werden, indem sprachliche Bilder ermittelt und die Geschichte, Geographie sowie der kulturelle Kontext ber\u00fccksichtigt werden. Gottes Handeln mit dem Volk Israel und mit der Gemeinde sollte unterschieden werden. Gottes Wort ist lebendig und wirksam. Die Leitung des Heiligen Geistes ist n\u00f6tig, um es zu verstehen und korrekt anzuwenden.<\/p>\n<hr\/>\n<h2>Die Gemeinde<\/h2>\n<p>Der Herr Jesus hat eine neue Einheit begonnen: die Gemeinde. Er sagte: \u201cIch werde meine Gemeinde bauen.\u201d Diese Gemeinde besteht aus allen wirklich wiedergeborenen Christen. Christus ist das einzige Haupt dieses universalen K\u00f6rpers von Gl\u00e4ubigen. Die Gl\u00e4ubigen sollten sich treffen und Versammlungen oder Ortsgemeinden gr\u00fcnden. Christus hat den lokalen Leitern eine beschr\u00e4nkte Autorit\u00e4t \u00fcbertragen, um f\u00fcr die lokale Herde Sorge zu tragen. Christus ist da anwesend, wo zwei oder drei Christen in seinem Namen zusammenkommen. Jede Versammlung oder Ortsgemeinde tr\u00e4gt die Verantwortung, diejenigen auszuw\u00e4hlen, die sie in ihrer Gemeinschaft aufnehmen &#8211; das erfordert christliche Reife und wirkliche Abh\u00e4ngigkeit vom Herrn.<\/p>\n<hr\/>\n<h2>Taufe und Abendmahl<\/h2>\n<p>Die Wassertaufe sollte normalerweise auf die Bekehrung folgen. Das Abendmahl zu feiern sollte eine regelm\u00e4\u00dfige, gemeinschaftliche Praxis sein.<\/p>\n<hr\/>\n<h2>Die Zukunft<\/h2>\n<p>Hier gibt es viel, das immer noch nicht klar ist f\u00fcr mich. Aber einige Sachen sind eindeutig: Nach dem Tod gibt es nur zwei Bestimmungsorte: mit Christus in der Herrlichkeit und ohne Christus in der ewigen Qual. Jesus hat versprochen, einen Ort f\u00fcr uns in dem Haus seines Vaters zu bereiten. Der Herr selbst wird vom Himmel herabkommen. Die Toten in Christus werden als erstes auferstehen. Dann werden wir, die noch am Leben sind, zusammen mit ihnen in die Wolken gehoben, um den Herrn in der Luft zu treffen. Und so werden wir f\u00fcr immer beim Herrn sein. Die Schrift beschreibt f\u00fcr diese Erde eine zuk\u00fcnftige Zeit der Drangsal und ein tausendj\u00e4hriges Reich des Friedens. Gem\u00e4\u00df seiner Verhei\u00dfung wird es einen neuen Himmel und eine neue Erde geben, in der die Gerechtigkeit wohnt. \u201cDeshalb, Geliebte, da ihr dies erwartet, beflei\u00dfigt euch, unbefleckt und tadellos von ihm im Frieden befunden zu werden!\u201d (2. Petrus 3, 14)","protected":false},"excerpt":{"rendered":"<p>Je mehr wir Gottes Wort studieren und je mehr wir neue Herausforderungen in unserem Leben und geistlichen Dienst annehmen, desto mehr Licht und Verst\u00e4ndnis wird uns der Heilige Geist f\u00fcr die Schrift geben. Gottes Wahrheit ist absolut. Sie zu verstehen erfordert allerdings harte Arbeit sowie die Bereitschaft, durch den Heiligen Geist gef\u00fchrt zu werden. Solange wir leben, sollten wir dem\u00fctige Lernende sein, die erkennen, dass ihr Verst\u00e4ndnis von Gottes Gedanken und Wegen begrenzt ist. Nicht alles passt in sch\u00f6ne, kleine Schubladen, wenn es um Lehrm\u00e4\u00dfigkeiten geht! Der Herr hat es sich so ausgedacht, es denjenigen Gl\u00e4ubigen, die die Bequemlichkeit einer [&hellip;]<\/p>\n","protected":false},"author":1,"featured_media":0,"parent":0,"menu_order":0,"comment_status":"closed","ping_status":"closed","template":"","meta":{"_acf_changed":false,"footnotes":""},"class_list":["post-116","page","type-page","status-publish","hentry"],"acf":[],"_links":{"self":[{"href":"https:\/\/philipnunn.com\/de\/wp-json\/wp\/v2\/pages\/116"}],"collection":[{"href":"https:\/\/philipnunn.com\/de\/wp-json\/wp\/v2\/pages"}],"about":[{"href":"https:\/\/philipnunn.com\/de\/wp-json\/wp\/v2\/types\/page"}],"author":[{"embeddable":true,"href":"https:\/\/philipnunn.com\/de\/wp-json\/wp\/v2\/users\/1"}],"replies":[{"embeddable":true,"href":"https:\/\/philipnunn.com\/de\/wp-json\/wp\/v2\/comments?post=116"}],"version-history":[{"count":3,"href":"https:\/\/philipnunn.com\/de\/wp-json\/wp\/v2\/pages\/116\/revisions"}],"predecessor-version":[{"id":19411,"href":"https:\/\/philipnunn.com\/de\/wp-json\/wp\/v2\/pages\/116\/revisions\/19411"}],"wp:attachment":[{"href":"https:\/\/philipnunn.com\/de\/wp-json\/wp\/v2\/media?parent=116"}],"curies":[{"name":"wp","href":"https:\/\/api.w.org\/{rel}","templated":true}]}}