{"id":114,"date":"2016-10-16T18:33:34","date_gmt":"2016-10-16T23:33:34","guid":{"rendered":"http:\/\/trejosmusica.com\/philipnunn.com\/?page_id=114"},"modified":"2022-02-13T00:24:30","modified_gmt":"2022-02-13T05:24:30","slug":"about-the-author","status":"publish","type":"page","link":"https:\/\/philipnunn.com\/de\/about-the-author\/","title":{"rendered":"\u00dcber den Autor"},"content":{"rendered":"<img decoding=\"async\" class=\"size-medium wp-image-915 alignleft\" src=\"http:\/\/philipnunn.com\/wp-content\/uploads\/2016\/10\/PhAnn2017-home.jpg\" alt=\"Philip and Anneke Nunn\" width=\"320\" \/>Philip (geb\u00fcrtiger Engl\u00e4nder) und Anneke (geb\u00fcrtige Niederl\u00e4nderin) sind 1992 nach Kolumbien gezogen. Bis Juni 2007 haben sie dort als vollzeitliche christliche Missionare gearbeitet. Sie f\u00fchlten sich dazu berufen, die Bibel zu unterrichten sowie die Christen zur Gr\u00fcndung neuer christlicher Gemeinden zu ermutigen. Auch in der Seelsorge und dem J\u00fcngerschaftstraining waren sie t\u00e4tig.<\/p>\n<p>Philip, Anneke und ihre Kinder sind nun Teil einer christlichen Gemeinde in Eindhoven (<a href=\"http:\/\/www.debroneindhoven.nl\" target=\"_blank\" rel=\"noopener\">http:\/\/www.debroneindhoven.nl<\/a>). Die Erfahrungen, die sie in Gemeinden in Kanada, England und Kolumbien sammeln konnten sowie das Handwerkszeug, das sie w\u00e4hrend ihrer Zeit bei den Navigatoren und den Gideons in London erwerben konnten, haben ihre Arbeitsweise gepr\u00e4gt.<\/p>\n<p>Die meisten Lehrvortr\u00e4ge von Philip werden auf Spanisch und Englisch gehalten, und seit 2008 auch in gebrochenem Holl\u00e4ndisch. Diese Vortr\u00e4ge werden w\u00e4hrend Bibelstunden, Seminaren, Freizeiten und Konferenzen in Europa und auch auf dem Missionsfeld gehalten. Seit 2010 sind einige dieser Vortr\u00e4ge auf dieser <a href=\"http:\/\/philipnunn.com\/category\/audio\/\" target=\"_blank\" rel=\"noopener\">Webseite<\/a> im MP3-Format verf\u00fcgbar.<\/p>\n<p>\u00dcber die Jahre sind einige dieser Vortr\u00e4ge auf Spanisch und Englisch schriftlich festgehalten worden. Eine wachsende Zahl von Beitr\u00e4gen ist \u00fcbersetzt worden und einige haben den Weg zu diversen Webseiten und Zeitschriften gefunden (<a href=\"http:\/\/philipnunn.com\/links\/\" target=\"_blank\" rel=\"noopener\">siehe Links<\/a>). Die ermutigenden R\u00fcckmeldungen einiger Leser haben den Autor dazu motiviert, im November 2006 eine eigene Webseite ins Leben zu rufen. Im Januar 2011 wurde diese von Grund auf \u00fcberarbeitet, wobei neue M\u00f6glichkeiten und Videobeitr\u00e4ge einbezogen werden konnten, in der Hoffnung, dass diese neue Darstellung einen kleinen Beitrag zur Erbauung des Leibes Christi weltweit leisten kann.<\/p>\n<p><strong>Bedeutsame Jahre und Ereignisse<\/strong><\/p>\n<ul>\n<li><strong>1962.<\/strong> Als Kind von Peter und Annemarie Nunn geboren<\/li>\n<li><strong>1967.<\/strong> Nunns ziehen f\u00fcr ein Jahr nach Costa Rica, um Spanisch zu lernen, und dann ziehen sie weiter nach Kolumbien, um sich in der christlichen Missionsarbeit einzusetzen<\/li>\n<li><strong>1972.<\/strong> Philip \u00fcbergibt sein Leben dem Herrn Jesus<\/li>\n<li><strong>1977.<\/strong> Er wird getauft<\/li>\n<li><strong>1979.<\/strong> Abschluss der kolumbianischen High School. Er kehrt nach London, England, zur\u00fcck, um seine Ausbildung fortzusetzen<\/li>\n<li><strong>1984.<\/strong> Abschluss am Imperial College London mit einem Bachelor of Science in Mathematik. <a href=\"http:\/\/www2.imperial.ac.uk\/mathematics\/\" target=\"_blank\" rel=\"noopener\">http:\/\/www2.imperial.ac.uk\/mathematics\/<\/a><\/li>\n<li><strong>1985. <\/strong>Abschluss des Master in Statistik. Er f\u00e4ngt an, f\u00fcr die UK Regierung mit finanziellen Statistiken zu arbeiten. <a href=\"http:\/\/www.statistics.gov.uk\/\" target=\"_blank\" rel=\"noopener\">http:\/\/www.statistics.gov.uk\/<\/a><\/li>\n<li><strong>1987.<\/strong> Hochzeit mit Anneke Lemkes aus Holland<\/li>\n<li><strong>1988.<\/strong> Umzug nach Kanada f\u00fcr zehn Monate. Erlangung eines Zeugnisses in biblischen Studien an dem \u201cTyndale University College &amp; Seminary\u201d (damals \u201cOntario Theological Seminary\u201d genannt). <a href=\"http:\/\/www.tyndale.ca\" target=\"_blank\" rel=\"noopener\">http:\/\/www.tyndale.ca<\/a><\/li>\n<li><strong>1989.<\/strong> Antritt einer Arbeitsstelle im Bereich der Wirtschaftsprognose in der britischen Elektrizit\u00e4tsindustrie &#8211; The National Grid Company. <a href=\"http:\/\/www.nationalgrid.com\" target=\"_blank\" rel=\"noopener\">http:\/\/www.nationalgrid.com<\/a><\/li>\n<li><strong>1990.<\/strong> Vikki, ihre erste Tochter, wird geboren<\/li>\n<li><strong>1991. <\/strong> Elsa, ihre zweite Tochter, wird geboren<\/li>\n<li><strong>1992.<\/strong> K\u00fcndigung der s\u00e4kularen Besch\u00e4ftigung und Beginn einer vollzeitlichen missionarischen Arbeit unter christlichen Gemeinden in Kolumbien. Neues Zuhause: Pereira. <a href=\"http:\/\/en.wikipedia.org\/wiki\/Pereira,_Colombia\" target=\"_blank\" rel=\"noopener\">http:\/\/en.wikipedia.org\/wiki\/Pereira,_Colombia<\/a><\/li>\n<li><strong>1994.<\/strong> Ihr Sohn Edward wird geboren<\/li>\n<li><strong>1998.<\/strong> Julie, ihr viertes Kind, wird geboren<\/li>\n<li><strong>2001.<\/strong> R\u00fcckkehr nach London, England, f\u00fcr ein Sabbatjahr. Er widmet sich f\u00fcr einige Zeit Studien am Spurgeon\u2019s College und besucht viele Gemeinden, haupts\u00e4chlich in Europa. <a href=\"http:\/\/www.spurgeons.ac.uk\" target=\"_blank\" rel=\"noopener\">http:\/\/www.spurgeons.ac.uk<\/a><\/li>\n<li><strong>2002.<\/strong> R\u00fcckkehr nach Kolumbien. Sie ziehen von Pereira nach Armenia, um dabei zu helfen, in dieser Stadt eine neue Gemeinde zu gr\u00fcnden. <a href=\"http:\/\/en.wikipedia.org\/wiki\/Armenia,_Colombia\" target=\"_blank\" rel=\"noopener\">http:\/\/en.wikipedia.org\/wiki\/Armenia,_Colombia<\/a><\/li>\n<li><strong>2007.<\/strong> Umzug nach Eindhoven, Holland<\/li>\n<li><strong>2009. <\/strong>Anneke erlebt ein Burn-out<\/li>\n<li><strong>2010. <\/strong>Ihr Sohn Edward durchsteht eine schwierige Herzoperation (siehe &#8222;<a href=\"http:\/\/philipnunn.com\/2010\/05\/10\/30-deep-waters\/\">Tiefe Wasser<\/a>&#8222;)<\/li>\n<li><strong>2011.<\/strong> Ihre \u00e4lteste Tochter Vikki wird Ehefrau von Stefen de Jager<\/li>\n<li><strong>2012. <\/strong>Beginn eines Teilzeitstudiums f\u00fcr einen Masterabschluss in \u201cChristenheit und Gesellschaft\u201d an der Tilburg University: <a href=\"http:\/\/www.tilburguniversity.edu\/education\/masters-programmes\/christianity-and-society\/\" target=\"_blank\" rel=\"noopener\">http:\/\/www.tilburguniversity.edu\/education\/masters-programmes\/christianity-and-society\/<\/a><\/li>\n<li><strong>2014.<\/strong> Erlangung des Masterabschlusses. Das Thema der Masterarbeit: <a href=\"http:\/\/philipnunn.com\/2014\/08\/church-and-gender-in-the-first-three-centuries\/\">Gemeinde und Gender in den ersten drei Jahrhunderten<\/a><\/li>\n<li><strong>2017.<\/strong>\u00a0Ihre zweite Tochter Elsa wird Ehefrau von Robert van Hardeveld<\/li>\n<li><strong>2021.\u00a0<\/strong>Unser Sohn Edward heiratet Arinda vd Kolk.<\/li>\n<\/ul>","protected":false},"excerpt":{"rendered":"<p>Philip (geb\u00fcrtiger Engl\u00e4nder) und Anneke (geb\u00fcrtige Niederl\u00e4nderin) sind 1992 nach Kolumbien gezogen. Bis Juni 2007 haben sie dort als vollzeitliche christliche Missionare gearbeitet. Sie f\u00fchlten sich dazu berufen, die Bibel zu unterrichten sowie die Christen zur Gr\u00fcndung neuer christlicher Gemeinden zu ermutigen. Auch in der Seelsorge und dem J\u00fcngerschaftstraining waren sie t\u00e4tig. Philip, Anneke und ihre Kinder sind nun Teil einer christlichen Gemeinde in Eindhoven (http:\/\/www.debroneindhoven.nl). Die Erfahrungen, die sie in Gemeinden in Kanada, England und Kolumbien sammeln konnten sowie das Handwerkszeug, das sie w\u00e4hrend ihrer Zeit bei den Navigatoren und den Gideons in London erwerben konnten, haben ihre Arbeitsweise [&hellip;]<\/p>\n","protected":false},"author":1,"featured_media":0,"parent":0,"menu_order":0,"comment_status":"closed","ping_status":"closed","template":"","meta":{"_acf_changed":false,"footnotes":""},"class_list":["post-114","page","type-page","status-publish","hentry"],"acf":[],"_links":{"self":[{"href":"https:\/\/philipnunn.com\/de\/wp-json\/wp\/v2\/pages\/114"}],"collection":[{"href":"https:\/\/philipnunn.com\/de\/wp-json\/wp\/v2\/pages"}],"about":[{"href":"https:\/\/philipnunn.com\/de\/wp-json\/wp\/v2\/types\/page"}],"author":[{"embeddable":true,"href":"https:\/\/philipnunn.com\/de\/wp-json\/wp\/v2\/users\/1"}],"replies":[{"embeddable":true,"href":"https:\/\/philipnunn.com\/de\/wp-json\/wp\/v2\/comments?post=114"}],"version-history":[{"count":7,"href":"https:\/\/philipnunn.com\/de\/wp-json\/wp\/v2\/pages\/114\/revisions"}],"predecessor-version":[{"id":20909,"href":"https:\/\/philipnunn.com\/de\/wp-json\/wp\/v2\/pages\/114\/revisions\/20909"}],"wp:attachment":[{"href":"https:\/\/philipnunn.com\/de\/wp-json\/wp\/v2\/media?parent=114"}],"curies":[{"name":"wp","href":"https:\/\/api.w.org\/{rel}","templated":true}]}}